{"id":203,"date":"2022-12-25T21:16:37","date_gmt":"2022-12-25T21:16:37","guid":{"rendered":"http:\/\/jobcoaching-koeln.com\/?page_id=203"},"modified":"2026-03-07T10:46:42","modified_gmt":"2026-03-07T10:46:42","slug":"avgs-gutschein-coaching-koeln","status":"publish","type":"page","link":"https:\/\/jobcoaching-koeln.com\/en\/avgs-gutschein-coaching-koeln\/","title":{"rendered":"AVGS-Gutschein"},"content":{"rendered":"<div data-elementor-type=\"wp-page\" data-elementor-id=\"203\" class=\"elementor elementor-203\">\n\t\t\t\t\t\t<section class=\"elementor-section elementor-top-section elementor-element elementor-element-6195df4 elementor-section-height-min-height elementor-section-boxed elementor-section-height-default elementor-section-items-middle\" data-id=\"6195df4\" data-element_type=\"section\" data-e-type=\"section\" data-settings=\"{&quot;background_background&quot;:&quot;classic&quot;}\">\n\t\t\t\t\t\t<div class=\"elementor-container elementor-column-gap-default\">\n\t\t\t\t\t<div class=\"elementor-column elementor-col-100 elementor-top-column elementor-element elementor-element-4b771b3\" data-id=\"4b771b3\" data-element_type=\"column\" data-e-type=\"column\">\n\t\t\t<div class=\"elementor-widget-wrap elementor-element-populated\">\n\t\t\t\t\t\t<div class=\"elementor-element elementor-element-ec62980 elementor-widget elementor-widget-heading\" data-id=\"ec62980\" data-element_type=\"widget\" data-e-type=\"widget\" data-widget_type=\"heading.default\">\n\t\t\t\t<div class=\"elementor-widget-container\">\n\t\t\t\t\t<h1 class=\"elementor-heading-title elementor-size-default\">Job Coaching mit AVGS- Gutschein K\u00f6ln<\/h1>\t\t\t\t<\/div>\n\t\t\t\t<\/div>\n\t\t\t\t\t<\/div>\n\t\t<\/div>\n\t\t\t\t\t<\/div>\n\t\t<\/section>\n\t\t\t\t<section class=\"elementor-section elementor-top-section elementor-element elementor-element-5259704 elementor-section-boxed elementor-section-height-default elementor-section-height-default\" data-id=\"5259704\" data-element_type=\"section\" data-e-type=\"section\">\n\t\t\t\t\t\t<div class=\"elementor-container elementor-column-gap-default\">\n\t\t\t\t\t<div class=\"elementor-column elementor-col-100 elementor-top-column elementor-element elementor-element-c33ab59\" data-id=\"c33ab59\" data-element_type=\"column\" data-e-type=\"column\">\n\t\t\t<div class=\"elementor-widget-wrap elementor-element-populated\">\n\t\t\t\t\t\t<div class=\"elementor-element elementor-element-45458dd elementor-widget elementor-widget-heading\" data-id=\"45458dd\" data-element_type=\"widget\" data-e-type=\"widget\" data-widget_type=\"heading.default\">\n\t\t\t\t<div class=\"elementor-widget-container\">\n\t\t\t\t\t<h2 class=\"elementor-heading-title elementor-size-default\">Job Coaching mit Gutschein von Jobcenter oder Agentur f\u00fcr Arbeit K\u00f6ln<\/h2>\t\t\t\t<\/div>\n\t\t\t\t<\/div>\n\t\t\t\t<section class=\"elementor-section elementor-inner-section elementor-element elementor-element-a61df43 elementor-section-boxed elementor-section-height-default elementor-section-height-default\" data-id=\"a61df43\" data-element_type=\"section\" data-e-type=\"section\">\n\t\t\t\t\t\t<div class=\"elementor-container elementor-column-gap-default\">\n\t\t\t\t\t<div class=\"elementor-column elementor-col-50 elementor-inner-column elementor-element elementor-element-0bfbc67\" data-id=\"0bfbc67\" data-element_type=\"column\" data-e-type=\"column\">\n\t\t\t<div class=\"elementor-widget-wrap elementor-element-populated\">\n\t\t\t\t\t\t<div class=\"elementor-element elementor-element-39d6bed elementor-widget elementor-widget-text-editor\" data-id=\"39d6bed\" data-element_type=\"widget\" data-e-type=\"widget\" data-widget_type=\"text-editor.default\">\n\t\t\t\t<div class=\"elementor-widget-container\">\n\t\t\t\t\t\t\t\t\t<p>Trifft eine der folgenden Voraussetzungen auf Sie zu, dann haben Sie die Chance auf ein Jobcoaching mit AVGS-Gutschein in K\u00f6ln oder online. Der zust\u00e4ndige Sachbearbeiter bei Jobcenter oder Agentur f\u00fcr Arbeit kann diesen AVGS-Gutschein (Aktivierungs- und Vermittlungsgutschein) ausstellen. Fragen Sie einfach, ob das in ihrem Fall m\u00f6glich ist.<\/p><p>Wenn Sie einen AVGS-Gutschein haben, k\u00f6nnen Sie den bei mir einl\u00f6sen. Ich bin \u00fcber meinen Tr\u00e4ger <a href=\"https:\/\/perspekto-coaching.de\">Perspekto-Coaching<\/a> mit dem Standort in K\u00f6ln Ehrenfeld sowie auch Online unter anderem f\u00fcr Beruflliches Coaching und Berufliches Coaching plus (Umgang mit Belastungen) zertifiziert. Bei Fragen, sprechen Sie mich gerne an.<\/p>\t\t\t\t\t\t\t\t<\/div>\n\t\t\t\t<\/div>\n\t\t\t\t\t<\/div>\n\t\t<\/div>\n\t\t\t\t<div class=\"elementor-column elementor-col-50 elementor-inner-column elementor-element elementor-element-522db9c\" data-id=\"522db9c\" data-element_type=\"column\" data-e-type=\"column\" data-settings=\"{&quot;background_background&quot;:&quot;gradient&quot;}\">\n\t\t\t<div class=\"elementor-widget-wrap elementor-element-populated\">\n\t\t\t\t\t\t<div class=\"elementor-element elementor-element-0c9505a elementor-widget elementor-widget-heading\" data-id=\"0c9505a\" data-element_type=\"widget\" data-e-type=\"widget\" data-widget_type=\"heading.default\">\n\t\t\t\t<div class=\"elementor-widget-container\">\n\t\t\t\t\t<h3 class=\"elementor-heading-title elementor-size-default\">Voraussetzungen f\u00fcr AVGS-Gutschein<\/h3>\t\t\t\t<\/div>\n\t\t\t\t<\/div>\n\t\t\t\t<div class=\"elementor-element elementor-element-c562975 elementor-widget elementor-widget-text-editor\" data-id=\"c562975\" data-element_type=\"widget\" data-e-type=\"widget\" data-widget_type=\"text-editor.default\">\n\t\t\t\t<div class=\"elementor-widget-container\">\n\t\t\t\t\t\t\t\t\t<ul>\n \t<li>Bezug von Arbeitslosengeld I oder II<\/li>\n \t<li>Frisch gek\u00fcndigt oder als arbeitsuchend registriert<\/li>\n \t<li>Selbstst\u00e4ndig, aber die Einnahmen decken den Lebensunterhalt nicht<\/li>\n \t<li>Die Berufsausbildung oder Studium sind fast oder gerade beendet<\/li>\n \t<li>R\u00fcckkehr in die Arbeitswelt nach einer langen Pause<\/li>\n<\/ul>\t\t\t\t\t\t\t\t<\/div>\n\t\t\t\t<\/div>\n\t\t\t\t\t<\/div>\n\t\t<\/div>\n\t\t\t\t\t<\/div>\n\t\t<\/section>\n\t\t\t\t\t<\/div>\n\t\t<\/div>\n\t\t\t\t\t<\/div>\n\t\t<\/section>\n\t\t\t\t<section class=\"elementor-section elementor-top-section elementor-element elementor-element-f58348d elementor-section-boxed elementor-section-height-default elementor-section-height-default\" data-id=\"f58348d\" data-element_type=\"section\" data-e-type=\"section\" data-settings=\"{&quot;background_background&quot;:&quot;classic&quot;}\">\n\t\t\t\t\t\t<div class=\"elementor-container elementor-column-gap-default\">\n\t\t\t\t\t<div class=\"elementor-column elementor-col-50 elementor-top-column elementor-element elementor-element-74db5e7\" data-id=\"74db5e7\" data-element_type=\"column\" data-e-type=\"column\" data-settings=\"{&quot;background_background&quot;:&quot;gradient&quot;}\">\n\t\t\t<div class=\"elementor-widget-wrap elementor-element-populated\">\n\t\t\t\t\t\t<div class=\"elementor-element elementor-element-b7a2a88 elementor-widget elementor-widget-heading\" data-id=\"b7a2a88\" data-element_type=\"widget\" data-e-type=\"widget\" data-widget_type=\"heading.default\">\n\t\t\t\t<div class=\"elementor-widget-container\">\n\t\t\t\t\t<h3 class=\"elementor-heading-title elementor-size-default\">Jobcoaching - Der Ablauf<\/h3>\t\t\t\t<\/div>\n\t\t\t\t<\/div>\n\t\t\t\t<div class=\"elementor-element elementor-element-8ec1424 elementor-widget elementor-widget-text-editor\" data-id=\"8ec1424\" data-element_type=\"widget\" data-e-type=\"widget\" data-widget_type=\"text-editor.default\">\n\t\t\t\t<div class=\"elementor-widget-container\">\n\t\t\t\t\t\t\t\t\t<p>Jedes Coaching ist individuell &#8211; keine Situation ist wie die andere. Grunds\u00e4tzlich orientiere ich mich an folgenden Schritten:<\/p><ul><li>\u00a0Wir betrachten ihre berufliche Zukunft aus vier aufeinander aufbauenden Perspektiven<\/li><li>schauen, ob sie Unterst\u00fctzung im Umgang mit Belastungen brauchen<\/li><li>und wieviel Unterst\u00fctzung sie bei Stellensuche und Bewerbung ben\u00f6tigen<br \/><br \/><\/li><\/ul><p>Das dient wie gesagt zur Orientierung. Wie genau wir vorgehen, das h\u00e4ngt ganz von ihrem pers\u00f6nlichen Fall ab. Vielleicht steht der Umgang mit Belastungen im Vordergrund oder die Suche nach der idealen beruflichen Zukunft. Das Jobcoaching kann sich von der Vorgehensweise auch mit dem <a href=\"https:\/\/jobcoaching-koeln.html\/job-und-karrierecoaching\/\">Then career coaching is the right place<\/a> \u00fcberschneiden.\u00a0<\/p>\t\t\t\t\t\t\t\t<\/div>\n\t\t\t\t<\/div>\n\t\t\t\t\t<\/div>\n\t\t<\/div>\n\t\t\t\t<div class=\"elementor-column elementor-col-50 elementor-top-column elementor-element elementor-element-79cf6f5\" data-id=\"79cf6f5\" data-element_type=\"column\" data-e-type=\"column\" data-settings=\"{&quot;background_background&quot;:&quot;gradient&quot;}\">\n\t\t\t<div class=\"elementor-widget-wrap elementor-element-populated\">\n\t\t\t\t\t\t<div class=\"elementor-element elementor-element-1cb24ce elementor-widget elementor-widget-heading\" data-id=\"1cb24ce\" data-element_type=\"widget\" data-e-type=\"widget\" data-widget_type=\"heading.default\">\n\t\t\t\t<div class=\"elementor-widget-container\">\n\t\t\t\t\t<h3 class=\"elementor-heading-title elementor-size-default\">Vier Perspektiven auf Ihre berufliche Zukunft <\/h3>\t\t\t\t<\/div>\n\t\t\t\t<\/div>\n\t\t\t\t<div class=\"elementor-element elementor-element-6cbae22 elementor-widget elementor-widget-text-editor\" data-id=\"6cbae22\" data-element_type=\"widget\" data-e-type=\"widget\" data-widget_type=\"text-editor.default\">\n\t\t\t\t<div class=\"elementor-widget-container\">\n\t\t\t\t\t\t\t\t\t<ul><li>We explore your strengths, values and wishes<\/li><li>identify formal and personal entry requirements for specific professions<\/li><li>look at systemic aspects such as external conditions, e.g. affordability and time management as well as work-life balance<\/li><li>and look at whether the chosen profession offers good opportunities for employment and further development in the future.<\/li><\/ul><div>\u00a0<\/div><div>Nach dem <a href=\"https:\/\/perspekto-coaching.de\">Modell der Multiperspektivit\u00e4t<\/a><\/div>\t\t\t\t\t\t\t\t<\/div>\n\t\t\t\t<\/div>\n\t\t\t\t\t<\/div>\n\t\t<\/div>\n\t\t\t\t\t<\/div>\n\t\t<\/section>\n\t\t\t\t<section class=\"elementor-section elementor-top-section elementor-element elementor-element-c4d228f elementor-reverse-mobile elementor-section-boxed elementor-section-height-default elementor-section-height-default\" data-id=\"c4d228f\" data-element_type=\"section\" data-e-type=\"section\">\n\t\t\t\t\t\t<div class=\"elementor-container elementor-column-gap-default\">\n\t\t\t\t\t<div class=\"elementor-column elementor-col-50 elementor-top-column elementor-element elementor-element-bce4c00\" data-id=\"bce4c00\" data-element_type=\"column\" data-e-type=\"column\" data-settings=\"{&quot;background_background&quot;:&quot;gradient&quot;}\">\n\t\t\t<div class=\"elementor-widget-wrap elementor-element-populated\">\n\t\t\t\t\t\t<div class=\"elementor-element elementor-element-906716f elementor-widget elementor-widget-heading\" data-id=\"906716f\" data-element_type=\"widget\" data-e-type=\"widget\" data-widget_type=\"heading.default\">\n\t\t\t\t<div class=\"elementor-widget-container\">\n\t\t\t\t\t<h3 class=\"elementor-heading-title elementor-size-default\">Jobcoaching zum Umgang mit Belastungen<\/h3>\t\t\t\t<\/div>\n\t\t\t\t<\/div>\n\t\t\t\t<div class=\"elementor-element elementor-element-a000bdd elementor-widget elementor-widget-text-editor\" data-id=\"a000bdd\" data-element_type=\"widget\" data-e-type=\"widget\" data-widget_type=\"text-editor.default\">\n\t\t\t\t<div class=\"elementor-widget-container\">\n\t\t\t\t\t\t\t\t\t<p>Der Umgang mit Belastungen und Stress ist ein Thema, das gerade auch f\u00fcr die berufliche Zukunft immer mehr an Bedeutung gewinnt. Ein AVGS-Gutschein kann ausdr\u00fccklich dazu dienen, hier zu unterst\u00fctzen. Mehr Infos zum Thema<a href=\"https:\/\/jobcoaching-koeln.com\/en\/stress-bewaeltigung\/\"> Umgang mit beruflichem und pers\u00f6nlichem Stress im Jobcoaching finden sie hier<\/a>.<\/p>\t\t\t\t\t\t\t\t<\/div>\n\t\t\t\t<\/div>\n\t\t\t\t\t<\/div>\n\t\t<\/div>\n\t\t\t\t<div class=\"elementor-column elementor-col-50 elementor-top-column elementor-element elementor-element-b2b0cc8\" data-id=\"b2b0cc8\" data-element_type=\"column\" data-e-type=\"column\" data-settings=\"{&quot;background_background&quot;:&quot;gradient&quot;}\">\n\t\t\t<div class=\"elementor-widget-wrap elementor-element-populated\">\n\t\t\t\t\t\t<div class=\"elementor-element elementor-element-18eb1bd elementor-widget elementor-widget-heading\" data-id=\"18eb1bd\" data-element_type=\"widget\" data-e-type=\"widget\" data-widget_type=\"heading.default\">\n\t\t\t\t<div class=\"elementor-widget-container\">\n\t\t\t\t\t<h3 class=\"elementor-heading-title elementor-size-default\">Stellensuche und Bewerbung<\/h3>\t\t\t\t<\/div>\n\t\t\t\t<\/div>\n\t\t\t\t<div class=\"elementor-element elementor-element-b873ac9 elementor-widget elementor-widget-text-editor\" data-id=\"b873ac9\" data-element_type=\"widget\" data-e-type=\"widget\" data-widget_type=\"text-editor.default\">\n\t\t\t\t<div class=\"elementor-widget-container\">\n\t\t\t\t\t\t\t\t\t<ul><li>Welche Firmenkultur passt zu mir?<\/li><li>Auf welche Stellenanzeigen bewerbe ich mich?<\/li><li>Wo macht eine Initiativbewerbung Sinn?<\/li><li>Den Lebenslauf auf den neuesten Stand bringen<\/li><li>Ein \u00fcberzeugendes Anschreiben formulieren<\/li><li>Das Vorstellungsgespr\u00e4ch vorbereiten und \u00fcben<\/li><\/ul>\t\t\t\t\t\t\t\t<\/div>\n\t\t\t\t<\/div>\n\t\t\t\t\t<\/div>\n\t\t<\/div>\n\t\t\t\t\t<\/div>\n\t\t<\/section>\n\t\t\t\t<section class=\"elementor-section elementor-top-section elementor-element elementor-element-d50ffb2 elementor-section-boxed elementor-section-height-default elementor-section-height-default\" data-id=\"d50ffb2\" data-element_type=\"section\" data-e-type=\"section\">\n\t\t\t\t\t\t<div class=\"elementor-container elementor-column-gap-default\">\n\t\t\t\t\t<div class=\"elementor-column elementor-col-100 elementor-top-column elementor-element elementor-element-232d570\" data-id=\"232d570\" data-element_type=\"column\" data-e-type=\"column\">\n\t\t\t<div class=\"elementor-widget-wrap elementor-element-populated\">\n\t\t\t\t\t\t<div class=\"elementor-element elementor-element-6eae028 elementor-align-center elementor-widget elementor-widget-button\" data-id=\"6eae028\" data-element_type=\"widget\" data-e-type=\"widget\" data-widget_type=\"button.default\">\n\t\t\t\t<div class=\"elementor-widget-container\">\n\t\t\t\t\t\t\t\t\t<div class=\"elementor-button-wrapper\">\n\t\t\t\t\t<a class=\"elementor-button elementor-button-link elementor-size-sm\" href=\"https:\/\/jobcoaching-koeln.com\/en\/kontakt-coach-koeln\/\">\n\t\t\t\t\t\t<span class=\"elementor-button-content-wrapper\">\n\t\t\t\t\t\t\t\t\t<span class=\"elementor-button-text\">Contact me<\/span>\n\t\t\t\t\t<\/span>\n\t\t\t\t\t<\/a>\n\t\t\t\t<\/div>\n\t\t\t\t\t\t\t\t<\/div>\n\t\t\t\t<\/div>\n\t\t\t\t\t<\/div>\n\t\t<\/div>\n\t\t\t\t\t<\/div>\n\t\t<\/section>\n\t\t\t\t<\/div>","protected":false},"excerpt":{"rendered":"<p>Job Coaching mit AVGS- Gutschein K\u00f6ln Job Coaching mit Gutschein von Jobcenter oder Agentur f\u00fcr Arbeit K\u00f6ln Trifft eine der folgenden Voraussetzungen auf Sie zu, dann haben Sie die Chance auf ein Jobcoaching mit AVGS-Gutschein in K\u00f6ln oder online. Der zust\u00e4ndige Sachbearbeiter bei Jobcenter oder Agentur f\u00fcr Arbeit kann diesen AVGS-Gutschein (Aktivierungs- und Vermittlungsgutschein) ausstellen.&hellip;&nbsp;<a href=\"https:\/\/jobcoaching-koeln.com\/en\/avgs-gutschein-coaching-koeln\/\" rel=\"bookmark\">Read More &raquo;<span class=\"screen-reader-text\">AVGS-Gutschein<\/span><\/a><\/p>","protected":false},"author":1,"featured_media":0,"parent":0,"menu_order":0,"comment_status":"closed","ping_status":"closed","template":"page-templates\/template-pagebuilder-full-width.php","meta":{"neve_meta_sidebar":"","neve_meta_container":"","neve_meta_enable_content_width":"on","neve_meta_content_width":100,"neve_meta_title_alignment":"","neve_meta_author_avatar":"","neve_post_elements_order":"","neve_meta_disable_header":"","neve_meta_disable_footer":"","neve_meta_disable_title":"on","footnotes":""},"class_list":["post-203","page","type-page","status-publish","hentry"],"yoast_head":"<!-- This site is optimized with the Yoast SEO plugin v27.3 - https:\/\/yoast.com\/product\/yoast-seo-wordpress\/ -->\n<title>Jobcoaching mit AVGS-Gutschein K\u00f6ln<\/title>\n<meta name=\"description\" content=\"Jobcoaching mit AVGS-Gutschein (Jobcenter\/Agentur f\u00fcr Arbeit) in K\u00f6ln - Inidividuelles Coaching - berufliche Orientierung - Umgang mit Stress\" \/>\n<meta name=\"robots\" content=\"index, follow, max-snippet:-1, max-image-preview:large, max-video-preview:-1\" \/>\n<link rel=\"canonical\" href=\"https:\/\/jobcoaching-koeln.com\/en\/avgs-gutschein-coaching-koeln\/\" \/>\n<meta property=\"og:locale\" content=\"en_GB\" \/>\n<meta property=\"og:type\" content=\"article\" \/>\n<meta property=\"og:title\" content=\"Jobcoaching mit AVGS-Gutschein K\u00f6ln\" \/>\n<meta property=\"og:description\" content=\"Jobcoaching mit AVGS-Gutschein (Jobcenter\/Agentur f\u00fcr Arbeit) in K\u00f6ln - Inidividuelles Coaching - berufliche Orientierung - Umgang mit Stress\" \/>\n<meta property=\"og:url\" content=\"https:\/\/jobcoaching-koeln.com\/en\/avgs-gutschein-coaching-koeln\/\" \/>\n<meta property=\"og:site_name\" content=\"Jobcoaching in K\u00f6ln\" \/>\n<meta property=\"article:modified_time\" content=\"2026-03-07T10:46:42+00:00\" \/>\n<meta name=\"twitter:card\" content=\"summary_large_image\" \/>\n<meta name=\"twitter:label1\" content=\"Estimated reading time\" \/>\n\t<meta name=\"twitter:data1\" content=\"3 minutes\" \/>\n<script type=\"application\/ld+json\" class=\"yoast-schema-graph\">{\"@context\":\"https:\\\/\\\/schema.org\",\"@graph\":[{\"@type\":\"WebPage\",\"@id\":\"https:\\\/\\\/jobcoaching-koeln.com\\\/avgs-gutschein-coaching-koeln\\\/\",\"url\":\"https:\\\/\\\/jobcoaching-koeln.com\\\/avgs-gutschein-coaching-koeln\\\/\",\"name\":\"Jobcoaching mit AVGS-Gutschein K\u00f6ln\",\"isPartOf\":{\"@id\":\"https:\\\/\\\/jobcoaching-koeln.com\\\/#website\"},\"datePublished\":\"2022-12-25T21:16:37+00:00\",\"dateModified\":\"2026-03-07T10:46:42+00:00\",\"description\":\"Jobcoaching mit AVGS-Gutschein (Jobcenter\\\/Agentur f\u00fcr Arbeit) in K\u00f6ln - Inidividuelles Coaching - berufliche Orientierung - Umgang mit Stress\",\"breadcrumb\":{\"@id\":\"https:\\\/\\\/jobcoaching-koeln.com\\\/avgs-gutschein-coaching-koeln\\\/#breadcrumb\"},\"inLanguage\":\"en-GB\",\"potentialAction\":[{\"@type\":\"ReadAction\",\"target\":[\"https:\\\/\\\/jobcoaching-koeln.com\\\/avgs-gutschein-coaching-koeln\\\/\"]}]},{\"@type\":\"BreadcrumbList\",\"@id\":\"https:\\\/\\\/jobcoaching-koeln.com\\\/avgs-gutschein-coaching-koeln\\\/#breadcrumb\",\"itemListElement\":[{\"@type\":\"ListItem\",\"position\":1,\"name\":\"Startseite\",\"item\":\"https:\\\/\\\/jobcoaching-koeln.com\\\/\"},{\"@type\":\"ListItem\",\"position\":2,\"name\":\"AVGS-Gutschein\"}]},{\"@type\":\"WebSite\",\"@id\":\"https:\\\/\\\/jobcoaching-koeln.com\\\/#website\",\"url\":\"https:\\\/\\\/jobcoaching-koeln.com\\\/\",\"name\":\"Jobcoaching in K\u00f6ln\",\"description\":\"mit AVGS Gutschein\",\"publisher\":{\"@id\":\"https:\\\/\\\/jobcoaching-koeln.com\\\/#organization\"},\"potentialAction\":[{\"@type\":\"SearchAction\",\"target\":{\"@type\":\"EntryPoint\",\"urlTemplate\":\"https:\\\/\\\/jobcoaching-koeln.com\\\/?s={search_term_string}\"},\"query-input\":{\"@type\":\"PropertyValueSpecification\",\"valueRequired\":true,\"valueName\":\"search_term_string\"}}],\"inLanguage\":\"en-GB\"},{\"@type\":\"Organization\",\"@id\":\"https:\\\/\\\/jobcoaching-koeln.com\\\/#organization\",\"name\":\"Jobcoaching K\u00f6ln\",\"url\":\"https:\\\/\\\/jobcoaching-koeln.com\\\/\",\"logo\":{\"@type\":\"ImageObject\",\"inLanguage\":\"en-GB\",\"@id\":\"https:\\\/\\\/jobcoaching-koeln.com\\\/#\\\/schema\\\/logo\\\/image\\\/\",\"url\":\"\",\"contentUrl\":\"\",\"caption\":\"Jobcoaching K\u00f6ln\"},\"image\":{\"@id\":\"https:\\\/\\\/jobcoaching-koeln.com\\\/#\\\/schema\\\/logo\\\/image\\\/\"}}]}<\/script>\n<!-- \/ Yoast SEO plugin. -->","yoast_head_json":{"title":"Jobcoaching mit AVGS-Gutschein K\u00f6ln","description":"Jobcoaching mit AVGS-Gutschein (Jobcenter\/Agentur f\u00fcr Arbeit) in K\u00f6ln - Inidividuelles Coaching - berufliche Orientierung - Umgang mit Stress","robots":{"index":"index","follow":"follow","max-snippet":"max-snippet:-1","max-image-preview":"max-image-preview:large","max-video-preview":"max-video-preview:-1"},"canonical":"https:\/\/jobcoaching-koeln.com\/en\/avgs-gutschein-coaching-koeln\/","og_locale":"en_GB","og_type":"article","og_title":"Jobcoaching mit AVGS-Gutschein K\u00f6ln","og_description":"Jobcoaching mit AVGS-Gutschein (Jobcenter\/Agentur f\u00fcr Arbeit) in K\u00f6ln - Inidividuelles Coaching - berufliche Orientierung - Umgang mit Stress","og_url":"https:\/\/jobcoaching-koeln.com\/en\/avgs-gutschein-coaching-koeln\/","og_site_name":"Jobcoaching in K\u00f6ln","article_modified_time":"2026-03-07T10:46:42+00:00","twitter_card":"summary_large_image","twitter_misc":{"Estimated reading time":"3 minutes"},"schema":{"@context":"https:\/\/schema.org","@graph":[{"@type":"WebPage","@id":"https:\/\/jobcoaching-koeln.com\/avgs-gutschein-coaching-koeln\/","url":"https:\/\/jobcoaching-koeln.com\/avgs-gutschein-coaching-koeln\/","name":"Jobcoaching mit AVGS-Gutschein K\u00f6ln","isPartOf":{"@id":"https:\/\/jobcoaching-koeln.com\/#website"},"datePublished":"2022-12-25T21:16:37+00:00","dateModified":"2026-03-07T10:46:42+00:00","description":"Jobcoaching mit AVGS-Gutschein (Jobcenter\/Agentur f\u00fcr Arbeit) in K\u00f6ln - Inidividuelles Coaching - berufliche Orientierung - Umgang mit Stress","breadcrumb":{"@id":"https:\/\/jobcoaching-koeln.com\/avgs-gutschein-coaching-koeln\/#breadcrumb"},"inLanguage":"en-GB","potentialAction":[{"@type":"ReadAction","target":["https:\/\/jobcoaching-koeln.com\/avgs-gutschein-coaching-koeln\/"]}]},{"@type":"BreadcrumbList","@id":"https:\/\/jobcoaching-koeln.com\/avgs-gutschein-coaching-koeln\/#breadcrumb","itemListElement":[{"@type":"ListItem","position":1,"name":"Startseite","item":"https:\/\/jobcoaching-koeln.com\/"},{"@type":"ListItem","position":2,"name":"AVGS-Gutschein"}]},{"@type":"WebSite","@id":"https:\/\/jobcoaching-koeln.com\/#website","url":"https:\/\/jobcoaching-koeln.com\/","name":"Jobcoaching in Cologne","description":"with AVGS-Voucher","publisher":{"@id":"https:\/\/jobcoaching-koeln.com\/#organization"},"potentialAction":[{"@type":"SearchAction","target":{"@type":"EntryPoint","urlTemplate":"https:\/\/jobcoaching-koeln.com\/?s={search_term_string}"},"query-input":{"@type":"PropertyValueSpecification","valueRequired":true,"valueName":"search_term_string"}}],"inLanguage":"en-GB"},{"@type":"Organization","@id":"https:\/\/jobcoaching-koeln.com\/#organization","name":"Jobcoaching K\u00f6ln","url":"https:\/\/jobcoaching-koeln.com\/","logo":{"@type":"ImageObject","inLanguage":"en-GB","@id":"https:\/\/jobcoaching-koeln.com\/#\/schema\/logo\/image\/","url":"","contentUrl":"","caption":"Jobcoaching K\u00f6ln"},"image":{"@id":"https:\/\/jobcoaching-koeln.com\/#\/schema\/logo\/image\/"}}]}},"_links":{"self":[{"href":"https:\/\/jobcoaching-koeln.com\/en\/wp-json\/wp\/v2\/pages\/203","targetHints":{"allow":["GET"]}}],"collection":[{"href":"https:\/\/jobcoaching-koeln.com\/en\/wp-json\/wp\/v2\/pages"}],"about":[{"href":"https:\/\/jobcoaching-koeln.com\/en\/wp-json\/wp\/v2\/types\/page"}],"author":[{"embeddable":true,"href":"https:\/\/jobcoaching-koeln.com\/en\/wp-json\/wp\/v2\/users\/1"}],"replies":[{"embeddable":true,"href":"https:\/\/jobcoaching-koeln.com\/en\/wp-json\/wp\/v2\/comments?post=203"}],"version-history":[{"count":134,"href":"https:\/\/jobcoaching-koeln.com\/en\/wp-json\/wp\/v2\/pages\/203\/revisions"}],"predecessor-version":[{"id":1161,"href":"https:\/\/jobcoaching-koeln.com\/en\/wp-json\/wp\/v2\/pages\/203\/revisions\/1161"}],"wp:attachment":[{"href":"https:\/\/jobcoaching-koeln.com\/en\/wp-json\/wp\/v2\/media?parent=203"}],"curies":[{"name":"wp","href":"https:\/\/api.w.org\/{rel}","templated":true}]}}