{"id":184,"date":"2022-12-25T20:41:16","date_gmt":"2022-12-25T20:41:16","guid":{"rendered":"http:\/\/jobcoaching-koeln.com\/?page_id=184"},"modified":"2026-03-07T10:44:40","modified_gmt":"2026-03-07T10:44:40","slug":"job-und-karrierecoaching","status":"publish","type":"page","link":"https:\/\/jobcoaching-koeln.com\/en\/job-und-karrierecoaching\/","title":{"rendered":"Karriere"},"content":{"rendered":"<div data-elementor-type=\"wp-page\" data-elementor-id=\"184\" class=\"elementor elementor-184\">\n\t\t\t\t\t\t<section class=\"elementor-section elementor-top-section elementor-element elementor-element-6195df4 elementor-section-height-min-height elementor-section-stretched elementor-section-boxed elementor-section-height-default elementor-section-items-middle\" data-id=\"6195df4\" data-element_type=\"section\" data-e-type=\"section\" data-settings=\"{&quot;background_background&quot;:&quot;classic&quot;,&quot;stretch_section&quot;:&quot;section-stretched&quot;}\">\n\t\t\t\t\t\t<div class=\"elementor-container elementor-column-gap-default\">\n\t\t\t\t\t<div class=\"elementor-column elementor-col-100 elementor-top-column elementor-element elementor-element-4b771b3\" data-id=\"4b771b3\" data-element_type=\"column\" data-e-type=\"column\">\n\t\t\t<div class=\"elementor-widget-wrap elementor-element-populated\">\n\t\t\t\t\t\t<div class=\"elementor-element elementor-element-ec62980 elementor-widget elementor-widget-heading\" data-id=\"ec62980\" data-element_type=\"widget\" data-e-type=\"widget\" data-widget_type=\"heading.default\">\n\t\t\t\t<div class=\"elementor-widget-container\">\n\t\t\t\t\t<h1 class=\"elementor-heading-title elementor-size-default\">Job und Karriere Coaching<\/h1>\t\t\t\t<\/div>\n\t\t\t\t<\/div>\n\t\t\t\t\t<\/div>\n\t\t<\/div>\n\t\t\t\t\t<\/div>\n\t\t<\/section>\n\t\t\t\t<section class=\"elementor-section elementor-top-section elementor-element elementor-element-5259704 elementor-section-boxed elementor-section-height-default elementor-section-height-default\" data-id=\"5259704\" data-element_type=\"section\" data-e-type=\"section\">\n\t\t\t\t\t\t<div class=\"elementor-container elementor-column-gap-default\">\n\t\t\t\t\t<div class=\"elementor-column elementor-col-100 elementor-top-column elementor-element elementor-element-c33ab59\" data-id=\"c33ab59\" data-element_type=\"column\" data-e-type=\"column\">\n\t\t\t<div class=\"elementor-widget-wrap elementor-element-populated\">\n\t\t\t\t\t\t<div class=\"elementor-element elementor-element-45458dd elementor-widget elementor-widget-heading\" data-id=\"45458dd\" data-element_type=\"widget\" data-e-type=\"widget\" data-widget_type=\"heading.default\">\n\t\t\t\t<div class=\"elementor-widget-container\">\n\t\t\t\t\t<h2 class=\"elementor-heading-title elementor-size-default\">Karriere Coaching<\/h2>\t\t\t\t<\/div>\n\t\t\t\t<\/div>\n\t\t\t\t<section class=\"elementor-section elementor-inner-section elementor-element elementor-element-e5809f7 elementor-section-boxed elementor-section-height-default elementor-section-height-default\" data-id=\"e5809f7\" data-element_type=\"section\" data-e-type=\"section\">\n\t\t\t\t\t\t<div class=\"elementor-container elementor-column-gap-default\">\n\t\t\t\t\t<div class=\"elementor-column elementor-col-66 elementor-inner-column elementor-element elementor-element-84e2afd\" data-id=\"84e2afd\" data-element_type=\"column\" data-e-type=\"column\">\n\t\t\t<div class=\"elementor-widget-wrap elementor-element-populated\">\n\t\t\t\t\t\t<div class=\"elementor-element elementor-element-a3d7349 elementor-widget elementor-widget-heading\" data-id=\"a3d7349\" data-element_type=\"widget\" data-e-type=\"widget\" data-widget_type=\"heading.default\">\n\t\t\t\t<div class=\"elementor-widget-container\">\n\t\t\t\t\t<h3 class=\"elementor-heading-title elementor-size-default\">Beruf - Berufung - Bed\u00fcrfnis<\/h3>\t\t\t\t<\/div>\n\t\t\t\t<\/div>\n\t\t\t\t<div class=\"elementor-element elementor-element-c562975 elementor-widget elementor-widget-text-editor\" data-id=\"c562975\" data-element_type=\"widget\" data-e-type=\"widget\" data-widget_type=\"text-editor.default\">\n\t\t\t\t<div class=\"elementor-widget-container\">\n\t\t\t\t\t\t\t\t\t<p>Mit dem Karrierecoaching den n\u00e4chsten Schritt in Ihre berufliche Zukunft gehen. Sie haben einen Job, aber sie wollen etwas \u00e4ndern.<em> Was<\/em> an ihrer Situation ist unbefriedigend? W<em>of\u00fcr<\/em> m\u00f6chten Sie arbeiten? <em>Wie <\/em>kann das gelingen? <em>Wie<\/em> sollte Ihre Arbeit beschaffen sein, damit sie Kraft gibt und sinnstiftend ist? Das sind grundlegende Fragen, denen wir hier nachgehen.<\/p><ul><li>Im <em>M\u00f6glichkeitsraum<\/em> kommen wir Ihren Bed\u00fcrfnissen und W\u00fcnschen auf die Spur.<\/li><li>Im <em>Wirklichkeitsraum<\/em> erkunden wir Umsetzungsm\u00f6glichkeiten<\/li><li>Im <em>Trainingsraum<\/em> haben Sie Gelegenheit zu \u00fcben: kommunikative Strategien f\u00fcr Konflikte, zur Durchsetzung Ihrer Interessen und Ziele, sicheres Auftreten in Meetings oder beim Bewerbungsgespr\u00e4ch.<\/li><\/ul><div>\u00a0<\/div><p>Sie profitieren von den Methoden des Job- und Karrierecoachings nach Schulz von Thun, dem Netzwerk von <a href=\"https:\/\/perspekto-coaching.de\/\">Perspekto Coaching<\/a> sowie meiner Expertise im Bereich von K\u00f6rperarbeit, innerer Aufmerksamkeit, systemischen und hypnosystemischen Methoden, die auch mit dem unbewussten Erleben arbeiten.<br \/>Sie sind arbeitssuchend? Dann haben Sie eventuell ein Anrecht auf ein f\u00fcr Sie kostenloses <a href=\"https:\/\/jobcoaching-koeln.com\/en\/avgs-gutschein-coaching\/\">AVGS-Coaching.<\/a><\/p>\t\t\t\t\t\t\t\t<\/div>\n\t\t\t\t<\/div>\n\t\t\t\t\t<\/div>\n\t\t<\/div>\n\t\t\t\t<div class=\"elementor-column elementor-col-33 elementor-inner-column elementor-element elementor-element-5326d2c\" data-id=\"5326d2c\" data-element_type=\"column\" data-e-type=\"column\">\n\t\t\t<div class=\"elementor-widget-wrap elementor-element-populated\">\n\t\t\t\t\t\t<div class=\"elementor-element elementor-element-f36213f elementor-widget elementor-widget-text-editor\" data-id=\"f36213f\" data-element_type=\"widget\" data-e-type=\"widget\" data-widget_type=\"text-editor.default\">\n\t\t\t\t<div class=\"elementor-widget-container\">\n\t\t\t\t\t\t\t\t\t<p>Jobsuche und<br \/>Berufliche Neuorientierung<br \/>Der n\u00e4chste Karriereschritt<br \/>Entscheidungsfindung zur beruflichen Zukunft<br \/>Mehr Sicherheit im Auftreten<br \/>\u00dcberlastung und fehlende Motivation<br \/><span style=\"color: #ffffff;\">Keine Perspektive mehr im Betrieb<\/span><br \/><span style=\"color: #ffffff;\">Andauernde Konflikte mit Mitarbeitern oder Vorgesetzten<\/span><br \/><span style=\"color: #ffffff;\">Nagende Unzufriedenheit<\/span><\/p>\t\t\t\t\t\t\t\t<\/div>\n\t\t\t\t<\/div>\n\t\t\t\t\t<\/div>\n\t\t<\/div>\n\t\t\t\t\t<\/div>\n\t\t<\/section>\n\t\t\t\t<div class=\"elementor-element elementor-element-6eae028 elementor-align-center elementor-widget elementor-widget-button\" data-id=\"6eae028\" data-element_type=\"widget\" data-e-type=\"widget\" data-widget_type=\"button.default\">\n\t\t\t\t<div class=\"elementor-widget-container\">\n\t\t\t\t\t\t\t\t\t<div class=\"elementor-button-wrapper\">\n\t\t\t\t\t<a class=\"elementor-button elementor-button-link elementor-size-sm\" href=\"https:\/\/jobcoaching-koeln.com\/en\/kontakt-coach-koeln\/\">\n\t\t\t\t\t\t<span class=\"elementor-button-content-wrapper\">\n\t\t\t\t\t\t\t\t\t<span class=\"elementor-button-text\">Contact me<\/span>\n\t\t\t\t\t<\/span>\n\t\t\t\t\t<\/a>\n\t\t\t\t<\/div>\n\t\t\t\t\t\t\t\t<\/div>\n\t\t\t\t<\/div>\n\t\t\t\t\t<\/div>\n\t\t<\/div>\n\t\t\t\t\t<\/div>\n\t\t<\/section>\n\t\t\t\t<section class=\"elementor-section elementor-top-section elementor-element elementor-element-cebc61d elementor-reverse-mobile elementor-section-boxed elementor-section-height-default elementor-section-height-default\" data-id=\"cebc61d\" data-element_type=\"section\" data-e-type=\"section\" data-settings=\"{&quot;background_background&quot;:&quot;classic&quot;}\">\n\t\t\t\t\t\t<div class=\"elementor-container elementor-column-gap-default\">\n\t\t\t\t\t<div class=\"elementor-column elementor-col-33 elementor-top-column elementor-element elementor-element-f9184e7\" data-id=\"f9184e7\" data-element_type=\"column\" data-e-type=\"column\">\n\t\t\t<div class=\"elementor-widget-wrap elementor-element-populated\">\n\t\t\t\t\t\t\t<\/div>\n\t\t<\/div>\n\t\t\t\t<div class=\"elementor-column elementor-col-66 elementor-top-column elementor-element elementor-element-73632dc\" data-id=\"73632dc\" data-element_type=\"column\" data-e-type=\"column\">\n\t\t\t<div class=\"elementor-widget-wrap elementor-element-populated\">\n\t\t\t\t\t\t<div class=\"elementor-element elementor-element-38ea221 elementor-widget elementor-widget-heading\" data-id=\"38ea221\" data-element_type=\"widget\" data-e-type=\"widget\" data-widget_type=\"heading.default\">\n\t\t\t\t<div class=\"elementor-widget-container\">\n\t\t\t\t\t<h3 class=\"elementor-heading-title elementor-size-default\">Auftauchen und Innehalten<\/h3>\t\t\t\t<\/div>\n\t\t\t\t<\/div>\n\t\t\t\t<div class=\"elementor-element elementor-element-a39ecd9 elementor-widget elementor-widget-text-editor\" data-id=\"a39ecd9\" data-element_type=\"widget\" data-e-type=\"widget\" data-widget_type=\"text-editor.default\">\n\t\t\t\t<div class=\"elementor-widget-container\">\n\t\t\t\t\t\t\t\t\t<p>Wer wir sind definiert sich wesentlich durch das, was wir tun. Was wir tun, spielt sich zu einem bedeutenden Teil in unserem Berufsleben ab. Unzufriedenheit im Job, Konflikte mit Kollegen, der Wunsch nach beruflicher Ver\u00e4nderung oder Neuorientierung aber auch die Karriereplanung sind Fragen, die uns <em>existenziell<\/em> ber\u00fchren. Oft geht es dabei um die Sinnhaftigkeit unseres Tuns, aber auch um Anerkennung und Wertsch\u00e4tzung. Zeit innezuhalten &#8211; damit beginnt jedes Coaching.<\/p>\t\t\t\t\t\t\t\t<\/div>\n\t\t\t\t<\/div>\n\t\t\t\t\t<\/div>\n\t\t<\/div>\n\t\t\t\t\t<\/div>\n\t\t<\/section>\n\t\t\t\t<section class=\"elementor-section elementor-top-section elementor-element elementor-element-6637381 elementor-section-boxed elementor-section-height-default elementor-section-height-default\" data-id=\"6637381\" data-element_type=\"section\" data-e-type=\"section\">\n\t\t\t\t\t\t<div class=\"elementor-container elementor-column-gap-default\">\n\t\t\t\t\t<div class=\"elementor-column elementor-col-66 elementor-top-column elementor-element elementor-element-c7f599c\" data-id=\"c7f599c\" data-element_type=\"column\" data-e-type=\"column\">\n\t\t\t<div class=\"elementor-widget-wrap elementor-element-populated\">\n\t\t\t\t\t\t<div class=\"elementor-element elementor-element-e4aebd3 elementor-widget elementor-widget-heading\" data-id=\"e4aebd3\" data-element_type=\"widget\" data-e-type=\"widget\" data-widget_type=\"heading.default\">\n\t\t\t\t<div class=\"elementor-widget-container\">\n\t\t\t\t\t<h3 class=\"elementor-heading-title elementor-size-default\">M\u00f6glichkeiten und W\u00fcnsche<\/h3>\t\t\t\t<\/div>\n\t\t\t\t<\/div>\n\t\t\t\t<div class=\"elementor-element elementor-element-8a4aa3c elementor-widget elementor-widget-text-editor\" data-id=\"8a4aa3c\" data-element_type=\"widget\" data-e-type=\"widget\" data-widget_type=\"text-editor.default\">\n\t\t\t\t<div class=\"elementor-widget-container\">\n\t\t\t\t\t\t\t\t\t<ul><li>Was entspricht Ihren Bed\u00fcrfnissen?<\/li><li>Wo liegt Ihre Berufung?<\/li><li>Was brauchen Sie, damit die Arbeit Ihnen Kraft gibt, anstatt sie zu rauben?<br \/><br \/><\/li><\/ul><p>Diesen Bed\u00fcrfnissen auf die Spur zu kommen ist ein wichtiger Schritt. Sie liegen unter Umst\u00e4nden weniger offensichtlich zu Tage als gedacht. Und es gibt verschiedene Blockaden, die uns den Zugang erschweren k\u00f6nnen.<\/p><p>Ich unterst\u00fctze Sie dabei, sich Ihrer Selbst zu vergewissern, Kontakt zu Ihren inneren Werten aufzunehmen und Ihre Tr\u00e4ume und W\u00fcnsche nach Ver\u00e4nderung zu erkunden. Gemeinsam betreten wir Ihren <em>M\u00f6glichkeitsraum.<\/em><\/p>\t\t\t\t\t\t\t\t<\/div>\n\t\t\t\t<\/div>\n\t\t\t\t\t<\/div>\n\t\t<\/div>\n\t\t\t\t<div class=\"elementor-column elementor-col-33 elementor-top-column elementor-element elementor-element-c60ea79\" data-id=\"c60ea79\" data-element_type=\"column\" data-e-type=\"column\">\n\t\t\t<div class=\"elementor-widget-wrap elementor-element-populated\">\n\t\t\t\t\t\t\t<\/div>\n\t\t<\/div>\n\t\t\t\t\t<\/div>\n\t\t<\/section>\n\t\t\t\t<section class=\"elementor-section elementor-top-section elementor-element elementor-element-37853f6 elementor-reverse-mobile elementor-section-boxed elementor-section-height-default elementor-section-height-default\" data-id=\"37853f6\" data-element_type=\"section\" data-e-type=\"section\" data-settings=\"{&quot;background_background&quot;:&quot;classic&quot;}\">\n\t\t\t\t\t\t<div class=\"elementor-container elementor-column-gap-default\">\n\t\t\t\t\t<div class=\"elementor-column elementor-col-50 elementor-top-column elementor-element elementor-element-e8cbe27\" data-id=\"e8cbe27\" data-element_type=\"column\" data-e-type=\"column\">\n\t\t\t<div class=\"elementor-widget-wrap elementor-element-populated\">\n\t\t\t\t\t\t\t<\/div>\n\t\t<\/div>\n\t\t\t\t<div class=\"elementor-column elementor-col-50 elementor-top-column elementor-element elementor-element-89470a1\" data-id=\"89470a1\" data-element_type=\"column\" data-e-type=\"column\">\n\t\t\t<div class=\"elementor-widget-wrap elementor-element-populated\">\n\t\t\t\t\t\t<div class=\"elementor-element elementor-element-67c121d elementor-widget elementor-widget-heading\" data-id=\"67c121d\" data-element_type=\"widget\" data-e-type=\"widget\" data-widget_type=\"heading.default\">\n\t\t\t\t<div class=\"elementor-widget-container\">\n\t\t\t\t\t<h3 class=\"elementor-heading-title elementor-size-default\">Wege in die Wirklichkeit<\/h3>\t\t\t\t<\/div>\n\t\t\t\t<\/div>\n\t\t\t\t<div class=\"elementor-element elementor-element-8a04247 elementor-widget elementor-widget-text-editor\" data-id=\"8a04247\" data-element_type=\"widget\" data-e-type=\"widget\" data-widget_type=\"text-editor.default\">\n\t\t\t\t<div class=\"elementor-widget-container\">\n\t\t\t\t\t\t\t\t\t<p>Wie kann das, was Sie im <em>M\u00f6glichkeitsraum<\/em> vorfinden, konkrete Gestalt in der <em>Wirklichkeit<\/em> annehmen? Wie und wie weit k\u00f6nnen Sie ihre W\u00fcnsche und Ziele in die Tat umsetzen?\u00a0<\/p><p>Hier schauen wir darauf ob Ihre Kompetenzen und F\u00e4higkeiten zur Erreichung ihrer Ziele reichen oder wie Sie diese erweitern k\u00f6nnen. Mitunter fehlen auch Mut \u2013 und eine angemessene Selbstwertsch\u00e4tzung Ihrer F\u00e4higkeiten, Kompetenzen und Ressourcen.<\/p><p>Sie werden sehen, dass Ihnen frische Kr\u00e4fte erwachsen, wenn Sie neue Wege beschreiten, die st\u00e4rker mit ihren Inneren Bed\u00fcrfnissen und Werten in Einklang stehen.<\/p>\t\t\t\t\t\t\t\t<\/div>\n\t\t\t\t<\/div>\n\t\t\t\t\t<\/div>\n\t\t<\/div>\n\t\t\t\t\t<\/div>\n\t\t<\/section>\n\t\t\t\t<section class=\"elementor-section elementor-top-section elementor-element elementor-element-c83d2b0 elementor-section-boxed elementor-section-height-default elementor-section-height-default\" data-id=\"c83d2b0\" data-element_type=\"section\" data-e-type=\"section\">\n\t\t\t\t\t\t<div class=\"elementor-container elementor-column-gap-default\">\n\t\t\t\t\t<div class=\"elementor-column elementor-col-50 elementor-top-column elementor-element elementor-element-35c2463\" data-id=\"35c2463\" data-element_type=\"column\" data-e-type=\"column\">\n\t\t\t<div class=\"elementor-widget-wrap elementor-element-populated\">\n\t\t\t\t\t\t<div class=\"elementor-element elementor-element-ddbb423 elementor-widget elementor-widget-heading\" data-id=\"ddbb423\" data-element_type=\"widget\" data-e-type=\"widget\" data-widget_type=\"heading.default\">\n\t\t\t\t<div class=\"elementor-widget-container\">\n\t\t\t\t\t<h3 class=\"elementor-heading-title elementor-size-default\">Training: Selbstbewusst auftreten  <\/h3>\t\t\t\t<\/div>\n\t\t\t\t<\/div>\n\t\t\t\t<div class=\"elementor-element elementor-element-1b9f276 elementor-widget elementor-widget-text-editor\" data-id=\"1b9f276\" data-element_type=\"widget\" data-e-type=\"widget\" data-widget_type=\"text-editor.default\">\n\t\t\t\t<div class=\"elementor-widget-container\">\n\t\t\t\t\t\t\t\t\t<p>Vom Bewerbungsgespr\u00e4ch bis hin zum Auftreten in Gehaltsverhandlungen oder bei Meetings &#8211; im Job brauchen Sie ein sicheres Auftreten. Wenn Sie wirklich \u00fcberzeugend auftreten wollen, dann sollten Sie \u00fcberzeugt sein &#8211; von sich und ihren F\u00e4higkeiten &#8211; und im Kontakt zu ihren inneren Werten stehen.<\/p>\n<p>Auf dieser Grundlage k\u00f6nnen Sie dann Kommunikationsstrategien \u00fcben, ein Bewerbungsgespr\u00e4ch f\u00fcr einen neuen Job planen oder ihr Auftreten in Meetings oder bei Vortr\u00e4gen verbessern.<\/p>\n<p>Dabei arbeiten wir mit Techniken aus der Kommunikationspsychologie von Schulz von Thun, Gewaltfreier Kommunikation, aber auch mit Haltung, Atmung, Bewegung, Gestik und anderen Elementen k\u00f6rperlicher Kommunikation. Techniken und Strategien aus Tai Chi, Qigong und inneren Kampfk\u00fcnsten sowie hypnosystemische Methoden sind dabei sehr hilfreich.<\/p>\t\t\t\t\t\t\t\t<\/div>\n\t\t\t\t<\/div>\n\t\t\t\t\t<\/div>\n\t\t<\/div>\n\t\t\t\t<div class=\"elementor-column elementor-col-50 elementor-top-column elementor-element elementor-element-afb8b27\" data-id=\"afb8b27\" data-element_type=\"column\" data-e-type=\"column\">\n\t\t\t<div class=\"elementor-widget-wrap elementor-element-populated\">\n\t\t\t\t\t\t<div class=\"elementor-element elementor-element-6913a66 elementor-widget elementor-widget-heading\" data-id=\"6913a66\" data-element_type=\"widget\" data-e-type=\"widget\" data-widget_type=\"heading.default\">\n\t\t\t\t<div class=\"elementor-widget-container\">\n\t\t\t\t\t<h3 class=\"elementor-heading-title elementor-size-default\">\u00dcberzeugt sein und \u00fcberzeugen<\/h3>\t\t\t\t<\/div>\n\t\t\t\t<\/div>\n\t\t\t\t<div class=\"elementor-element elementor-element-839857a elementor-widget elementor-widget-text-editor\" data-id=\"839857a\" data-element_type=\"widget\" data-e-type=\"widget\" data-widget_type=\"text-editor.default\">\n\t\t\t\t<div class=\"elementor-widget-container\">\n\t\t\t\t\t\t\t\t\t<p>Nur 5% unserer Wirkung auf andere basiert auf dem Inhalt dessen, was wir sagen &#8211; 95% beruhen darauf wie wir es sagen. Wenn beides im Einklang ist, dann treten wir \u00fcberzeugend auf.<\/p><ul><li>\u00dcberzeugt sein und \u00fcberzeugen<\/li><li>Verstehen und sich verst\u00e4ndlich machen<\/li><li>Reden ohne Worte<\/li><\/ul><p>Darin liegt der Schl\u00fcssel zu Ihrem beruflichen Erfolg.<\/p>\t\t\t\t\t\t\t\t<\/div>\n\t\t\t\t<\/div>\n\t\t\t\t\t<\/div>\n\t\t<\/div>\n\t\t\t\t\t<\/div>\n\t\t<\/section>\n\t\t\t\t<\/div>","protected":false},"excerpt":{"rendered":"<p>Job und Karriere Coaching Karriere Coaching Beruf &#8211; Berufung &#8211; Bed\u00fcrfnis Mit dem Karrierecoaching den n\u00e4chsten Schritt in Ihre berufliche Zukunft gehen. Sie haben einen Job, aber sie wollen etwas \u00e4ndern. Was an ihrer Situation ist unbefriedigend? Wof\u00fcr m\u00f6chten Sie arbeiten? Wie kann das gelingen? Wie sollte Ihre Arbeit beschaffen sein, damit sie Kraft gibt&hellip;&nbsp;<a href=\"https:\/\/jobcoaching-koeln.com\/en\/job-und-karrierecoaching\/\" rel=\"bookmark\">Read More &raquo;<span class=\"screen-reader-text\">Karriere<\/span><\/a><\/p>","protected":false},"author":1,"featured_media":0,"parent":0,"menu_order":0,"comment_status":"closed","ping_status":"closed","template":"page-templates\/template-pagebuilder-full-width.php","meta":{"neve_meta_sidebar":"","neve_meta_container":"","neve_meta_enable_content_width":"on","neve_meta_content_width":100,"neve_meta_title_alignment":"","neve_meta_author_avatar":"","neve_post_elements_order":"","neve_meta_disable_header":"","neve_meta_disable_footer":"","neve_meta_disable_title":"on","footnotes":""},"class_list":["post-184","page","type-page","status-publish","hentry"],"yoast_head":"<!-- This site is optimized with the Yoast SEO plugin v27.4 - https:\/\/yoast.com\/product\/yoast-seo-wordpress\/ -->\n<title>Karriere Coaching in K\u00f6ln<\/title>\n<meta name=\"description\" content=\"Wof\u00fcr m\u00f6chten Sie arbeiten? Wie sieht die Arbeit aus, die Ihnen Kraft gibt? Machen Sie mehr aus Ihrem Job und Leben - mit Karriere-Coaching.\" \/>\n<meta name=\"robots\" content=\"index, follow, max-snippet:-1, max-image-preview:large, max-video-preview:-1\" \/>\n<link rel=\"canonical\" href=\"https:\/\/jobcoaching-koeln.com\/en\/job-und-karrierecoaching\/\" \/>\n<meta property=\"og:locale\" content=\"en_GB\" \/>\n<meta property=\"og:type\" content=\"article\" \/>\n<meta property=\"og:title\" content=\"Karriere Coaching in K\u00f6ln\" \/>\n<meta property=\"og:description\" content=\"Wof\u00fcr m\u00f6chten Sie arbeiten? Wie sieht die Arbeit aus, die Ihnen Kraft gibt? Machen Sie mehr aus Ihrem Job und Leben - mit Karriere-Coaching.\" \/>\n<meta property=\"og:url\" content=\"https:\/\/jobcoaching-koeln.com\/en\/job-und-karrierecoaching\/\" \/>\n<meta property=\"og:site_name\" content=\"Jobcoaching in K\u00f6ln\" \/>\n<meta property=\"article:modified_time\" content=\"2026-03-07T10:44:40+00:00\" \/>\n<meta name=\"twitter:card\" content=\"summary_large_image\" \/>\n<meta name=\"twitter:label1\" content=\"Estimated reading time\" \/>\n\t<meta name=\"twitter:data1\" content=\"4 minutes\" \/>\n<script type=\"application\/ld+json\" class=\"yoast-schema-graph\">{\"@context\":\"https:\\\/\\\/schema.org\",\"@graph\":[{\"@type\":\"WebPage\",\"@id\":\"https:\\\/\\\/jobcoaching-koeln.com\\\/job-und-karrierecoaching\\\/\",\"url\":\"https:\\\/\\\/jobcoaching-koeln.com\\\/job-und-karrierecoaching\\\/\",\"name\":\"Karriere Coaching in K\u00f6ln\",\"isPartOf\":{\"@id\":\"https:\\\/\\\/jobcoaching-koeln.com\\\/#website\"},\"datePublished\":\"2022-12-25T20:41:16+00:00\",\"dateModified\":\"2026-03-07T10:44:40+00:00\",\"description\":\"Wof\u00fcr m\u00f6chten Sie arbeiten? Wie sieht die Arbeit aus, die Ihnen Kraft gibt? Machen Sie mehr aus Ihrem Job und Leben - mit Karriere-Coaching.\",\"breadcrumb\":{\"@id\":\"https:\\\/\\\/jobcoaching-koeln.com\\\/job-und-karrierecoaching\\\/#breadcrumb\"},\"inLanguage\":\"en-GB\",\"potentialAction\":[{\"@type\":\"ReadAction\",\"target\":[\"https:\\\/\\\/jobcoaching-koeln.com\\\/job-und-karrierecoaching\\\/\"]}]},{\"@type\":\"BreadcrumbList\",\"@id\":\"https:\\\/\\\/jobcoaching-koeln.com\\\/job-und-karrierecoaching\\\/#breadcrumb\",\"itemListElement\":[{\"@type\":\"ListItem\",\"position\":1,\"name\":\"Startseite\",\"item\":\"https:\\\/\\\/jobcoaching-koeln.com\\\/\"},{\"@type\":\"ListItem\",\"position\":2,\"name\":\"Karriere\"}]},{\"@type\":\"WebSite\",\"@id\":\"https:\\\/\\\/jobcoaching-koeln.com\\\/#website\",\"url\":\"https:\\\/\\\/jobcoaching-koeln.com\\\/\",\"name\":\"Jobcoaching in K\u00f6ln\",\"description\":\"mit AVGS Gutschein\",\"publisher\":{\"@id\":\"https:\\\/\\\/jobcoaching-koeln.com\\\/#organization\"},\"potentialAction\":[{\"@type\":\"SearchAction\",\"target\":{\"@type\":\"EntryPoint\",\"urlTemplate\":\"https:\\\/\\\/jobcoaching-koeln.com\\\/?s={search_term_string}\"},\"query-input\":{\"@type\":\"PropertyValueSpecification\",\"valueRequired\":true,\"valueName\":\"search_term_string\"}}],\"inLanguage\":\"en-GB\"},{\"@type\":\"Organization\",\"@id\":\"https:\\\/\\\/jobcoaching-koeln.com\\\/#organization\",\"name\":\"Jobcoaching K\u00f6ln\",\"url\":\"https:\\\/\\\/jobcoaching-koeln.com\\\/\",\"logo\":{\"@type\":\"ImageObject\",\"inLanguage\":\"en-GB\",\"@id\":\"https:\\\/\\\/jobcoaching-koeln.com\\\/#\\\/schema\\\/logo\\\/image\\\/\",\"url\":\"\",\"contentUrl\":\"\",\"caption\":\"Jobcoaching K\u00f6ln\"},\"image\":{\"@id\":\"https:\\\/\\\/jobcoaching-koeln.com\\\/#\\\/schema\\\/logo\\\/image\\\/\"}}]}<\/script>\n<!-- \/ Yoast SEO plugin. -->","yoast_head_json":{"title":"Karriere Coaching in K\u00f6ln","description":"Wof\u00fcr m\u00f6chten Sie arbeiten? Wie sieht die Arbeit aus, die Ihnen Kraft gibt? Machen Sie mehr aus Ihrem Job und Leben - mit Karriere-Coaching.","robots":{"index":"index","follow":"follow","max-snippet":"max-snippet:-1","max-image-preview":"max-image-preview:large","max-video-preview":"max-video-preview:-1"},"canonical":"https:\/\/jobcoaching-koeln.com\/en\/job-und-karrierecoaching\/","og_locale":"en_GB","og_type":"article","og_title":"Karriere Coaching in K\u00f6ln","og_description":"Wof\u00fcr m\u00f6chten Sie arbeiten? Wie sieht die Arbeit aus, die Ihnen Kraft gibt? Machen Sie mehr aus Ihrem Job und Leben - mit Karriere-Coaching.","og_url":"https:\/\/jobcoaching-koeln.com\/en\/job-und-karrierecoaching\/","og_site_name":"Jobcoaching in K\u00f6ln","article_modified_time":"2026-03-07T10:44:40+00:00","twitter_card":"summary_large_image","twitter_misc":{"Estimated reading time":"4 minutes"},"schema":{"@context":"https:\/\/schema.org","@graph":[{"@type":"WebPage","@id":"https:\/\/jobcoaching-koeln.com\/job-und-karrierecoaching\/","url":"https:\/\/jobcoaching-koeln.com\/job-und-karrierecoaching\/","name":"Karriere Coaching in K\u00f6ln","isPartOf":{"@id":"https:\/\/jobcoaching-koeln.com\/#website"},"datePublished":"2022-12-25T20:41:16+00:00","dateModified":"2026-03-07T10:44:40+00:00","description":"Wof\u00fcr m\u00f6chten Sie arbeiten? Wie sieht die Arbeit aus, die Ihnen Kraft gibt? Machen Sie mehr aus Ihrem Job und Leben - mit Karriere-Coaching.","breadcrumb":{"@id":"https:\/\/jobcoaching-koeln.com\/job-und-karrierecoaching\/#breadcrumb"},"inLanguage":"en-GB","potentialAction":[{"@type":"ReadAction","target":["https:\/\/jobcoaching-koeln.com\/job-und-karrierecoaching\/"]}]},{"@type":"BreadcrumbList","@id":"https:\/\/jobcoaching-koeln.com\/job-und-karrierecoaching\/#breadcrumb","itemListElement":[{"@type":"ListItem","position":1,"name":"Startseite","item":"https:\/\/jobcoaching-koeln.com\/"},{"@type":"ListItem","position":2,"name":"Karriere"}]},{"@type":"WebSite","@id":"https:\/\/jobcoaching-koeln.com\/#website","url":"https:\/\/jobcoaching-koeln.com\/","name":"Jobcoaching in Cologne","description":"with AVGS-Voucher","publisher":{"@id":"https:\/\/jobcoaching-koeln.com\/#organization"},"potentialAction":[{"@type":"SearchAction","target":{"@type":"EntryPoint","urlTemplate":"https:\/\/jobcoaching-koeln.com\/?s={search_term_string}"},"query-input":{"@type":"PropertyValueSpecification","valueRequired":true,"valueName":"search_term_string"}}],"inLanguage":"en-GB"},{"@type":"Organization","@id":"https:\/\/jobcoaching-koeln.com\/#organization","name":"Jobcoaching K\u00f6ln","url":"https:\/\/jobcoaching-koeln.com\/","logo":{"@type":"ImageObject","inLanguage":"en-GB","@id":"https:\/\/jobcoaching-koeln.com\/#\/schema\/logo\/image\/","url":"","contentUrl":"","caption":"Jobcoaching K\u00f6ln"},"image":{"@id":"https:\/\/jobcoaching-koeln.com\/#\/schema\/logo\/image\/"}}]}},"_links":{"self":[{"href":"https:\/\/jobcoaching-koeln.com\/en\/wp-json\/wp\/v2\/pages\/184","targetHints":{"allow":["GET"]}}],"collection":[{"href":"https:\/\/jobcoaching-koeln.com\/en\/wp-json\/wp\/v2\/pages"}],"about":[{"href":"https:\/\/jobcoaching-koeln.com\/en\/wp-json\/wp\/v2\/types\/page"}],"author":[{"embeddable":true,"href":"https:\/\/jobcoaching-koeln.com\/en\/wp-json\/wp\/v2\/users\/1"}],"replies":[{"embeddable":true,"href":"https:\/\/jobcoaching-koeln.com\/en\/wp-json\/wp\/v2\/comments?post=184"}],"version-history":[{"count":0,"href":"https:\/\/jobcoaching-koeln.com\/en\/wp-json\/wp\/v2\/pages\/184\/revisions"}],"wp:attachment":[{"href":"https:\/\/jobcoaching-koeln.com\/en\/wp-json\/wp\/v2\/media?parent=184"}],"curies":[{"name":"wp","href":"https:\/\/api.w.org\/{rel}","templated":true}]}}