{"id":153,"date":"2022-12-25T20:09:07","date_gmt":"2022-12-25T20:09:07","guid":{"rendered":"http:\/\/jobcoaching-koeln.com\/?page_id=153"},"modified":"2026-04-06T17:10:57","modified_gmt":"2026-04-06T17:10:57","slug":"jobcoach-karrierecoach-koeln","status":"publish","type":"page","link":"https:\/\/jobcoaching-koeln.com\/en\/jobcoach-karrierecoach-koeln\/","title":{"rendered":"About me"},"content":{"rendered":"<div data-elementor-type=\"wp-page\" data-elementor-id=\"153\" class=\"elementor elementor-153\">\n\t\t\t\t\t\t<section class=\"elementor-section elementor-top-section elementor-element elementor-element-6195df4 elementor-section-height-min-height elementor-section-boxed elementor-section-height-default elementor-section-items-middle\" data-id=\"6195df4\" data-element_type=\"section\" data-e-type=\"section\" data-settings=\"{&quot;background_background&quot;:&quot;classic&quot;}\">\n\t\t\t\t\t\t<div class=\"elementor-container elementor-column-gap-default\">\n\t\t\t\t\t<div class=\"elementor-column elementor-col-100 elementor-top-column elementor-element elementor-element-4b771b3\" data-id=\"4b771b3\" data-element_type=\"column\" data-e-type=\"column\">\n\t\t\t<div class=\"elementor-widget-wrap elementor-element-populated\">\n\t\t\t\t\t\t<div class=\"elementor-element elementor-element-ec62980 elementor-widget elementor-widget-heading\" data-id=\"ec62980\" data-element_type=\"widget\" data-e-type=\"widget\" data-widget_type=\"heading.default\">\n\t\t\t\t<div class=\"elementor-widget-container\">\n\t\t\t\t\t<h1 class=\"elementor-heading-title elementor-size-default\">Florian Nelle - Coach in K\u00f6ln<\/h1>\t\t\t\t<\/div>\n\t\t\t\t<\/div>\n\t\t\t\t\t<\/div>\n\t\t<\/div>\n\t\t\t\t\t<\/div>\n\t\t<\/section>\n\t\t\t\t<section class=\"elementor-section elementor-top-section elementor-element elementor-element-5259704 elementor-section-boxed elementor-section-height-default elementor-section-height-default\" data-id=\"5259704\" data-element_type=\"section\" data-e-type=\"section\">\n\t\t\t\t\t\t<div class=\"elementor-container elementor-column-gap-default\">\n\t\t\t\t\t<div class=\"elementor-column elementor-col-66 elementor-top-column elementor-element elementor-element-c33ab59\" data-id=\"c33ab59\" data-element_type=\"column\" data-e-type=\"column\">\n\t\t\t<div class=\"elementor-widget-wrap elementor-element-populated\">\n\t\t\t\t\t\t<div class=\"elementor-element elementor-element-45458dd elementor-widget elementor-widget-heading\" data-id=\"45458dd\" data-element_type=\"widget\" data-e-type=\"widget\" data-widget_type=\"heading.default\">\n\t\t\t\t<div class=\"elementor-widget-container\">\n\t\t\t\t\t<h2 class=\"elementor-heading-title elementor-size-default\">Openness- Empathy  - Clarity<\/h2>\t\t\t\t<\/div>\n\t\t\t\t<\/div>\n\t\t\t\t<div class=\"elementor-element elementor-element-c562975 elementor-widget elementor-widget-text-editor\" data-id=\"c562975\" data-element_type=\"widget\" data-e-type=\"widget\" data-widget_type=\"text-editor.default\">\n\t\t\t\t<div class=\"elementor-widget-container\">\n\t\t\t\t\t\t\t\t\t<p>This is important to me when we work together. Empathy for your concerns, your situation and your problems - Openness for your wishes - Clarity to find and achieve your professional goals.<\/p><p>Am Jobcoaching sch\u00e4tze ich die M\u00f6glichkeit, Sie \u00fcber einen l\u00e4ngeren Zeitraum intensiv zu begleiten. Mir ist es wichtig gemeinsam mit Ihnen herauszufinden, was Sie sich w\u00fcnschen und was Sie brauchen, um beruflich und in Ihrem Leben voranzukommen. Gerne auch auf englisch und spanisch.<\/p><p>I myself have embarked twice on new career paths and have gained a lot of experience and also a lot of understanding for the most diverse life situations and problems that I encounter in <a href=\"http:\/\/https\/\/jobcoaching-koeln.com\" target=\"_blank\" rel=\"noopener\">job coaching<\/a> .<\/p><p>Seit langer Zeit unterst\u00fctze ich dabei in verschiedenen Bereichen Menschen bei der Entwicklung ihres Potenzials. Ob als systemischer Coach und Heilpraktiker f\u00fcr Psychotherapie, bei der Durchf\u00fchrung von Seminaren zu Stressmanagement, Resilienz, Atemtechnik und Innerer Aufmerksamkeit, im <a href=\"http:\/\/www.coaching-in-movement.de\">coporate health management<\/a>, in my time as a university lecturer with a doctorate and habilitation, as a professional trainer for Tai Chi, Qigong, Kung Fu and meditation with 30 years of martial arts experience, or as a volunteer helper for refugees.<\/p><p>For myself, I maintain my balance in everyday life through movement (Tai Chi\/Baguazhang), meditation, Inner Attention and working with emotions.<\/p>\t\t\t\t\t\t\t\t<\/div>\n\t\t\t\t<\/div>\n\t\t\t\t\t<\/div>\n\t\t<\/div>\n\t\t\t\t<div class=\"elementor-column elementor-col-33 elementor-top-column elementor-element elementor-element-418df1a\" data-id=\"418df1a\" data-element_type=\"column\" data-e-type=\"column\">\n\t\t\t<div class=\"elementor-widget-wrap elementor-element-populated\">\n\t\t\t\t\t\t<div class=\"elementor-element elementor-element-d96f137 elementor-widget elementor-widget-image\" data-id=\"d96f137\" data-element_type=\"widget\" data-e-type=\"widget\" data-widget_type=\"image.default\">\n\t\t\t\t<div class=\"elementor-widget-container\">\n\t\t\t\t\t\t\t\t\t\t\t\t\t\t\t<img fetchpriority=\"high\" decoding=\"async\" width=\"787\" height=\"787\" src=\"https:\/\/jobcoaching-koeln.com\/wp-content\/uploads\/2022\/12\/Florian-Nelle-Coaching-koeln.jpg\" class=\"attachment-large size-large wp-image-164\" alt=\"\" srcset=\"https:\/\/jobcoaching-koeln.com\/wp-content\/uploads\/2022\/12\/Florian-Nelle-Coaching-koeln.jpg 787w, https:\/\/jobcoaching-koeln.com\/wp-content\/uploads\/2022\/12\/Florian-Nelle-Coaching-koeln-300x300.jpg 300w, https:\/\/jobcoaching-koeln.com\/wp-content\/uploads\/2022\/12\/Florian-Nelle-Coaching-koeln-150x150.jpg 150w, https:\/\/jobcoaching-koeln.com\/wp-content\/uploads\/2022\/12\/Florian-Nelle-Coaching-koeln-768x768.jpg 768w\" sizes=\"(max-width: 787px) 100vw, 787px\" \/>\t\t\t\t\t\t\t\t\t\t\t\t\t\t\t<\/div>\n\t\t\t\t<\/div>\n\t\t\t\t<div class=\"elementor-element elementor-element-567dede elementor-widget elementor-widget-text-editor\" data-id=\"567dede\" data-element_type=\"widget\" data-e-type=\"widget\" data-widget_type=\"text-editor.default\">\n\t\t\t\t<div class=\"elementor-widget-container\">\n\t\t\t\t\t\t\t\t\t<p>&#8222;<em>\"The conversation today did me a lot of good and definitely gave me more confidence. Your calm, compassionate manner and commitment are very special.\"<\/em><br \/>Client at risk of burn-out after first coaching.<\/p>\t\t\t\t\t\t\t\t<\/div>\n\t\t\t\t<\/div>\n\t\t\t\t<div class=\"elementor-element elementor-element-6eae028 elementor-align-center elementor-widget elementor-widget-button\" data-id=\"6eae028\" data-element_type=\"widget\" data-e-type=\"widget\" data-widget_type=\"button.default\">\n\t\t\t\t<div class=\"elementor-widget-container\">\n\t\t\t\t\t\t\t\t\t<div class=\"elementor-button-wrapper\">\n\t\t\t\t\t<a class=\"elementor-button elementor-button-link elementor-size-sm\" href=\"https:\/\/jobcoaching-koeln.com\/en\/kontakt-coach-koeln\/\">\n\t\t\t\t\t\t<span class=\"elementor-button-content-wrapper\">\n\t\t\t\t\t\t\t\t\t<span class=\"elementor-button-text\">Contact me<\/span>\n\t\t\t\t\t<\/span>\n\t\t\t\t\t<\/a>\n\t\t\t\t<\/div>\n\t\t\t\t\t\t\t\t<\/div>\n\t\t\t\t<\/div>\n\t\t\t\t\t<\/div>\n\t\t<\/div>\n\t\t\t\t\t<\/div>\n\t\t<\/section>\n\t\t\t\t<section class=\"elementor-section elementor-top-section elementor-element elementor-element-22ade3e elementor-section-boxed elementor-section-height-default elementor-section-height-default\" data-id=\"22ade3e\" data-element_type=\"section\" data-e-type=\"section\" data-settings=\"{&quot;background_background&quot;:&quot;classic&quot;}\">\n\t\t\t\t\t\t<div class=\"elementor-container elementor-column-gap-default\">\n\t\t\t\t\t<div class=\"elementor-column elementor-col-66 elementor-top-column elementor-element elementor-element-662d47d\" data-id=\"662d47d\" data-element_type=\"column\" data-e-type=\"column\">\n\t\t\t<div class=\"elementor-widget-wrap elementor-element-populated\">\n\t\t\t\t\t\t<div class=\"elementor-element elementor-element-e4aebd3 elementor-widget elementor-widget-heading\" data-id=\"e4aebd3\" data-element_type=\"widget\" data-e-type=\"widget\" data-widget_type=\"heading.default\">\n\t\t\t\t<div class=\"elementor-widget-container\">\n\t\t\t\t\t<h3 class=\"elementor-heading-title elementor-size-default\">My professional journey<\/h3>\t\t\t\t<\/div>\n\t\t\t\t<\/div>\n\t\t\t\t<div class=\"elementor-element elementor-element-8a4aa3c elementor-widget elementor-widget-text-editor\" data-id=\"8a4aa3c\" data-element_type=\"widget\" data-e-type=\"widget\" data-widget_type=\"text-editor.default\">\n\t\t\t\t<div class=\"elementor-widget-container\">\n\t\t\t\t\t\t\t\t\t<ul><li>Certified Systemic Coach<\/li><li>Heilpraktiker f\u00fcr Psychotherapie<\/li><li>Job &amp; Career Coach according to <a href=\"https:\/\/www.schulz-von-thun.de\/\">Schulz von Thun<\/a><\/li><li>Fortbildung hypnosystemisches Coaching bei Gunther Schmidt<\/li><li>\u00a0<a href=\"https:\/\/integralsomaticpsychology.com\/\">Integral Somatic Psychology <\/a>&#8211; Embodying Emotions &#8211; mit Raja Selvam. Ausbildung und Lehrassistenz.<\/li><li>Fortbildung medizinische Hypnosetherapie am Schweizer Institut f\u00fcr medizinische Hypnose.<\/li><li>Coordinator occupational health management <a href=\"http:\/\/www.coaching-in-movement.de\">Betriebliches Eingliederungsmanagement<\/a> (IHK)<\/li><li>Conducting seminars on <a href=\"https:\/\/jobcoaching-koeln.com\/en\/stress-bewaeltigung\/\">stress management<\/a>, Resilience and Inner Attention<\/li><li>\u00a017 years experience as\nTrainer for <a href=\"https:\/\/tai-chi-koeln.de\">Tai Chi, Qigong, Meditation, Baguazhang and Kung Fu<\/a><\/li><li>30 years of martial arts experience<\/li><li>Habilitation in theatre studies<\/li><li>PhD and long-term permanent employment at the Free University Berlin<\/li><li>Two grown up kids<\/li><li>Coaching in german, spanish and english<\/li><\/ul>\t\t\t\t\t\t\t\t<\/div>\n\t\t\t\t<\/div>\n\t\t\t\t\t<\/div>\n\t\t<\/div>\n\t\t\t\t<div class=\"elementor-column elementor-col-33 elementor-top-column elementor-element elementor-element-69f2588\" data-id=\"69f2588\" data-element_type=\"column\" data-e-type=\"column\">\n\t\t\t<div class=\"elementor-widget-wrap elementor-element-populated\">\n\t\t\t\t\t\t<div class=\"elementor-element elementor-element-662d605 elementor-widget elementor-widget-heading\" data-id=\"662d605\" data-element_type=\"widget\" data-e-type=\"widget\" data-widget_type=\"heading.default\">\n\t\t\t\t<div class=\"elementor-widget-container\">\n\t\t\t\t\t<h2 class=\"elementor-heading-title elementor-size-default\">The companion<\/h2>\t\t\t\t<\/div>\n\t\t\t\t<\/div>\n\t\t\t\t<div class=\"elementor-element elementor-element-8f91552 elementor-widget elementor-widget-image\" data-id=\"8f91552\" data-element_type=\"widget\" data-e-type=\"widget\" data-widget_type=\"image.default\">\n\t\t\t\t<div class=\"elementor-widget-container\">\n\t\t\t\t\t\t\t\t\t\t\t\t\t\t\t<img decoding=\"async\" width=\"300\" height=\"300\" src=\"https:\/\/jobcoaching-koeln.com\/wp-content\/uploads\/2022\/12\/coaching-begleiter-e1672391877636-300x300.jpg\" class=\"attachment-medium size-medium wp-image-593\" alt=\"Jobcoaching Begleiter\" srcset=\"https:\/\/jobcoaching-koeln.com\/wp-content\/uploads\/2022\/12\/coaching-begleiter-e1672391877636-300x300.jpg 300w, https:\/\/jobcoaching-koeln.com\/wp-content\/uploads\/2022\/12\/coaching-begleiter-e1672391877636-150x150.jpg 150w, https:\/\/jobcoaching-koeln.com\/wp-content\/uploads\/2022\/12\/coaching-begleiter-e1672391877636-768x768.jpg 768w, https:\/\/jobcoaching-koeln.com\/wp-content\/uploads\/2022\/12\/coaching-begleiter-e1672391877636.jpg 779w\" sizes=\"(max-width: 300px) 100vw, 300px\" \/>\t\t\t\t\t\t\t\t\t\t\t\t\t\t\t<\/div>\n\t\t\t\t<\/div>\n\t\t\t\t<div class=\"elementor-element elementor-element-6a3eedb elementor-widget elementor-widget-text-editor\" data-id=\"6a3eedb\" data-element_type=\"widget\" data-e-type=\"widget\" data-widget_type=\"text-editor.default\">\n\t\t\t\t<div class=\"elementor-widget-container\">\n\t\t\t\t\t\t\t\t\t<p>Silver likes to be there - as long as he doesn't disturb. Otherwise he lies in the next room<\/p>\t\t\t\t\t\t\t\t<\/div>\n\t\t\t\t<\/div>\n\t\t\t\t\t<\/div>\n\t\t<\/div>\n\t\t\t\t\t<\/div>\n\t\t<\/section>\n\t\t\t\t<\/div>","protected":false},"excerpt":{"rendered":"<p>Florian Nelle &#8211; Coach in K\u00f6ln Offenheit &#8211; Empathie &#8211; Klarheit Das ist mir in unserer Begegnung wichtig. Empathie f\u00fcr Ihr Anliegen, Ihre Situation und Ihre Probleme &#8211; Offenheit f\u00fcr Ihre W\u00fcnsche &#8211; Klarheit, um Ihre beruflichen Ziele zu finden und zu erreichen. Am Jobcoaching sch\u00e4tze ich die M\u00f6glichkeit, Sie \u00fcber einen l\u00e4ngeren Zeitraum intensiv&hellip;&nbsp;<a href=\"https:\/\/jobcoaching-koeln.com\/en\/jobcoach-karrierecoach-koeln\/\" rel=\"bookmark\">Read More &raquo;<span class=\"screen-reader-text\">About me<\/span><\/a><\/p>","protected":false},"author":1,"featured_media":0,"parent":0,"menu_order":0,"comment_status":"closed","ping_status":"closed","template":"page-templates\/template-pagebuilder-full-width.php","meta":{"neve_meta_sidebar":"","neve_meta_container":"","neve_meta_enable_content_width":"on","neve_meta_content_width":100,"neve_meta_title_alignment":"","neve_meta_author_avatar":"","neve_post_elements_order":"","neve_meta_disable_header":"","neve_meta_disable_footer":"","neve_meta_disable_title":"on","footnotes":""},"class_list":["post-153","page","type-page","status-publish","hentry"],"yoast_head":"<!-- This site is optimized with the Yoast SEO plugin v27.3 - https:\/\/yoast.com\/product\/yoast-seo-wordpress\/ -->\n<title>Ihr Job- und Karrierecoach in K\u00f6ln<\/title>\n<meta name=\"description\" content=\"Dr. Florian Nelle - Systemischer Coach und Job &amp; Karrierecoach in K\u00f6ln. Stressmanagement, Resilienz - Bodymind Coaching f\u00fcr K\u00f6rper und Geist.\" \/>\n<meta name=\"robots\" content=\"index, follow, max-snippet:-1, max-image-preview:large, max-video-preview:-1\" \/>\n<link rel=\"canonical\" href=\"https:\/\/jobcoaching-koeln.com\/en\/jobcoach-karrierecoach-koeln\/\" \/>\n<meta property=\"og:locale\" content=\"en_GB\" \/>\n<meta property=\"og:type\" content=\"article\" \/>\n<meta property=\"og:title\" content=\"Ihr Job- und Karrierecoach in K\u00f6ln\" \/>\n<meta property=\"og:description\" content=\"Dr. Florian Nelle - Systemischer Coach und Job &amp; Karrierecoach in K\u00f6ln. Stressmanagement, Resilienz - Bodymind Coaching f\u00fcr K\u00f6rper und Geist.\" \/>\n<meta property=\"og:url\" content=\"https:\/\/jobcoaching-koeln.com\/en\/jobcoach-karrierecoach-koeln\/\" \/>\n<meta property=\"og:site_name\" content=\"Jobcoaching in K\u00f6ln\" \/>\n<meta property=\"article:modified_time\" content=\"2026-04-06T17:10:57+00:00\" \/>\n<meta property=\"og:image\" content=\"https:\/\/jobcoaching-koeln.com\/wp-content\/uploads\/2022\/12\/Florian-Nelle-Coaching-koeln.jpg\" \/>\n\t<meta property=\"og:image:width\" content=\"787\" \/>\n\t<meta property=\"og:image:height\" content=\"787\" \/>\n\t<meta property=\"og:image:type\" content=\"image\/jpeg\" \/>\n<meta name=\"twitter:card\" content=\"summary_large_image\" \/>\n<meta name=\"twitter:label1\" content=\"Estimated reading time\" \/>\n\t<meta name=\"twitter:data1\" content=\"3 minutes\" \/>\n<script type=\"application\/ld+json\" class=\"yoast-schema-graph\">{\"@context\":\"https:\\\/\\\/schema.org\",\"@graph\":[{\"@type\":[\"WebPage\",\"AboutPage\"],\"@id\":\"https:\\\/\\\/jobcoaching-koeln.com\\\/jobcoach-karrierecoach-koeln\\\/\",\"url\":\"https:\\\/\\\/jobcoaching-koeln.com\\\/jobcoach-karrierecoach-koeln\\\/\",\"name\":\"Ihr Job- und Karrierecoach in K\u00f6ln\",\"isPartOf\":{\"@id\":\"https:\\\/\\\/jobcoaching-koeln.com\\\/#website\"},\"primaryImageOfPage\":{\"@id\":\"https:\\\/\\\/jobcoaching-koeln.com\\\/jobcoach-karrierecoach-koeln\\\/#primaryimage\"},\"image\":{\"@id\":\"https:\\\/\\\/jobcoaching-koeln.com\\\/jobcoach-karrierecoach-koeln\\\/#primaryimage\"},\"thumbnailUrl\":\"https:\\\/\\\/jobcoaching-koeln.com\\\/wp-content\\\/uploads\\\/2022\\\/12\\\/Florian-Nelle-Coaching-koeln.jpg\",\"datePublished\":\"2022-12-25T20:09:07+00:00\",\"dateModified\":\"2026-04-06T17:10:57+00:00\",\"description\":\"Dr. Florian Nelle - Systemischer Coach und Job & Karrierecoach in K\u00f6ln. Stressmanagement, Resilienz - Bodymind Coaching f\u00fcr K\u00f6rper und Geist.\",\"breadcrumb\":{\"@id\":\"https:\\\/\\\/jobcoaching-koeln.com\\\/jobcoach-karrierecoach-koeln\\\/#breadcrumb\"},\"inLanguage\":\"en-GB\",\"potentialAction\":[{\"@type\":\"ReadAction\",\"target\":[\"https:\\\/\\\/jobcoaching-koeln.com\\\/jobcoach-karrierecoach-koeln\\\/\"]}]},{\"@type\":\"ImageObject\",\"inLanguage\":\"en-GB\",\"@id\":\"https:\\\/\\\/jobcoaching-koeln.com\\\/jobcoach-karrierecoach-koeln\\\/#primaryimage\",\"url\":\"https:\\\/\\\/jobcoaching-koeln.com\\\/wp-content\\\/uploads\\\/2022\\\/12\\\/Florian-Nelle-Coaching-koeln.jpg\",\"contentUrl\":\"https:\\\/\\\/jobcoaching-koeln.com\\\/wp-content\\\/uploads\\\/2022\\\/12\\\/Florian-Nelle-Coaching-koeln.jpg\"},{\"@type\":\"BreadcrumbList\",\"@id\":\"https:\\\/\\\/jobcoaching-koeln.com\\\/jobcoach-karrierecoach-koeln\\\/#breadcrumb\",\"itemListElement\":[{\"@type\":\"ListItem\",\"position\":1,\"name\":\"Startseite\",\"item\":\"https:\\\/\\\/jobcoaching-koeln.com\\\/\"},{\"@type\":\"ListItem\",\"position\":2,\"name\":\"\u00dcber mich\"}]},{\"@type\":\"WebSite\",\"@id\":\"https:\\\/\\\/jobcoaching-koeln.com\\\/#website\",\"url\":\"https:\\\/\\\/jobcoaching-koeln.com\\\/\",\"name\":\"Jobcoaching in K\u00f6ln\",\"description\":\"mit AVGS Gutschein\",\"publisher\":{\"@id\":\"https:\\\/\\\/jobcoaching-koeln.com\\\/#organization\"},\"potentialAction\":[{\"@type\":\"SearchAction\",\"target\":{\"@type\":\"EntryPoint\",\"urlTemplate\":\"https:\\\/\\\/jobcoaching-koeln.com\\\/?s={search_term_string}\"},\"query-input\":{\"@type\":\"PropertyValueSpecification\",\"valueRequired\":true,\"valueName\":\"search_term_string\"}}],\"inLanguage\":\"en-GB\"},{\"@type\":\"Organization\",\"@id\":\"https:\\\/\\\/jobcoaching-koeln.com\\\/#organization\",\"name\":\"Jobcoaching K\u00f6ln\",\"url\":\"https:\\\/\\\/jobcoaching-koeln.com\\\/\",\"logo\":{\"@type\":\"ImageObject\",\"inLanguage\":\"en-GB\",\"@id\":\"https:\\\/\\\/jobcoaching-koeln.com\\\/#\\\/schema\\\/logo\\\/image\\\/\",\"url\":\"\",\"contentUrl\":\"\",\"caption\":\"Jobcoaching K\u00f6ln\"},\"image\":{\"@id\":\"https:\\\/\\\/jobcoaching-koeln.com\\\/#\\\/schema\\\/logo\\\/image\\\/\"}}]}<\/script>\n<!-- \/ Yoast SEO plugin. -->","yoast_head_json":{"title":"Ihr Job- und Karrierecoach in K\u00f6ln","description":"Dr. Florian Nelle - Systemischer Coach und Job & Karrierecoach in K\u00f6ln. Stressmanagement, Resilienz - Bodymind Coaching f\u00fcr K\u00f6rper und Geist.","robots":{"index":"index","follow":"follow","max-snippet":"max-snippet:-1","max-image-preview":"max-image-preview:large","max-video-preview":"max-video-preview:-1"},"canonical":"https:\/\/jobcoaching-koeln.com\/en\/jobcoach-karrierecoach-koeln\/","og_locale":"en_GB","og_type":"article","og_title":"Ihr Job- und Karrierecoach in K\u00f6ln","og_description":"Dr. Florian Nelle - Systemischer Coach und Job & Karrierecoach in K\u00f6ln. Stressmanagement, Resilienz - Bodymind Coaching f\u00fcr K\u00f6rper und Geist.","og_url":"https:\/\/jobcoaching-koeln.com\/en\/jobcoach-karrierecoach-koeln\/","og_site_name":"Jobcoaching in K\u00f6ln","article_modified_time":"2026-04-06T17:10:57+00:00","og_image":[{"width":787,"height":787,"url":"https:\/\/jobcoaching-koeln.com\/wp-content\/uploads\/2022\/12\/Florian-Nelle-Coaching-koeln.jpg","type":"image\/jpeg"}],"twitter_card":"summary_large_image","twitter_misc":{"Estimated reading time":"3 minutes"},"schema":{"@context":"https:\/\/schema.org","@graph":[{"@type":["WebPage","AboutPage"],"@id":"https:\/\/jobcoaching-koeln.com\/jobcoach-karrierecoach-koeln\/","url":"https:\/\/jobcoaching-koeln.com\/jobcoach-karrierecoach-koeln\/","name":"Ihr Job- und Karrierecoach in K\u00f6ln","isPartOf":{"@id":"https:\/\/jobcoaching-koeln.com\/#website"},"primaryImageOfPage":{"@id":"https:\/\/jobcoaching-koeln.com\/jobcoach-karrierecoach-koeln\/#primaryimage"},"image":{"@id":"https:\/\/jobcoaching-koeln.com\/jobcoach-karrierecoach-koeln\/#primaryimage"},"thumbnailUrl":"https:\/\/jobcoaching-koeln.com\/wp-content\/uploads\/2022\/12\/Florian-Nelle-Coaching-koeln.jpg","datePublished":"2022-12-25T20:09:07+00:00","dateModified":"2026-04-06T17:10:57+00:00","description":"Dr. Florian Nelle - Systemischer Coach und Job & Karrierecoach in K\u00f6ln. Stressmanagement, Resilienz - Bodymind Coaching f\u00fcr K\u00f6rper und Geist.","breadcrumb":{"@id":"https:\/\/jobcoaching-koeln.com\/jobcoach-karrierecoach-koeln\/#breadcrumb"},"inLanguage":"en-GB","potentialAction":[{"@type":"ReadAction","target":["https:\/\/jobcoaching-koeln.com\/jobcoach-karrierecoach-koeln\/"]}]},{"@type":"ImageObject","inLanguage":"en-GB","@id":"https:\/\/jobcoaching-koeln.com\/jobcoach-karrierecoach-koeln\/#primaryimage","url":"https:\/\/jobcoaching-koeln.com\/wp-content\/uploads\/2022\/12\/Florian-Nelle-Coaching-koeln.jpg","contentUrl":"https:\/\/jobcoaching-koeln.com\/wp-content\/uploads\/2022\/12\/Florian-Nelle-Coaching-koeln.jpg"},{"@type":"BreadcrumbList","@id":"https:\/\/jobcoaching-koeln.com\/jobcoach-karrierecoach-koeln\/#breadcrumb","itemListElement":[{"@type":"ListItem","position":1,"name":"Startseite","item":"https:\/\/jobcoaching-koeln.com\/"},{"@type":"ListItem","position":2,"name":"\u00dcber mich"}]},{"@type":"WebSite","@id":"https:\/\/jobcoaching-koeln.com\/#website","url":"https:\/\/jobcoaching-koeln.com\/","name":"Jobcoaching in Cologne","description":"with AVGS-Voucher","publisher":{"@id":"https:\/\/jobcoaching-koeln.com\/#organization"},"potentialAction":[{"@type":"SearchAction","target":{"@type":"EntryPoint","urlTemplate":"https:\/\/jobcoaching-koeln.com\/?s={search_term_string}"},"query-input":{"@type":"PropertyValueSpecification","valueRequired":true,"valueName":"search_term_string"}}],"inLanguage":"en-GB"},{"@type":"Organization","@id":"https:\/\/jobcoaching-koeln.com\/#organization","name":"Jobcoaching K\u00f6ln","url":"https:\/\/jobcoaching-koeln.com\/","logo":{"@type":"ImageObject","inLanguage":"en-GB","@id":"https:\/\/jobcoaching-koeln.com\/#\/schema\/logo\/image\/","url":"","contentUrl":"","caption":"Jobcoaching K\u00f6ln"},"image":{"@id":"https:\/\/jobcoaching-koeln.com\/#\/schema\/logo\/image\/"}}]}},"_links":{"self":[{"href":"https:\/\/jobcoaching-koeln.com\/en\/wp-json\/wp\/v2\/pages\/153","targetHints":{"allow":["GET"]}}],"collection":[{"href":"https:\/\/jobcoaching-koeln.com\/en\/wp-json\/wp\/v2\/pages"}],"about":[{"href":"https:\/\/jobcoaching-koeln.com\/en\/wp-json\/wp\/v2\/types\/page"}],"author":[{"embeddable":true,"href":"https:\/\/jobcoaching-koeln.com\/en\/wp-json\/wp\/v2\/users\/1"}],"replies":[{"embeddable":true,"href":"https:\/\/jobcoaching-koeln.com\/en\/wp-json\/wp\/v2\/comments?post=153"}],"version-history":[{"count":0,"href":"https:\/\/jobcoaching-koeln.com\/en\/wp-json\/wp\/v2\/pages\/153\/revisions"}],"wp:attachment":[{"href":"https:\/\/jobcoaching-koeln.com\/en\/wp-json\/wp\/v2\/media?parent=153"}],"curies":[{"name":"wp","href":"https:\/\/api.w.org\/{rel}","templated":true}]}}