{"id":1070,"date":"2024-01-12T11:37:12","date_gmt":"2024-01-12T11:37:12","guid":{"rendered":"https:\/\/jobcoaching-koeln.com\/?page_id=1070"},"modified":"2026-04-06T17:11:44","modified_gmt":"2026-04-06T17:11:44","slug":"kontakt-coach-koeln","status":"publish","type":"page","link":"https:\/\/jobcoaching-koeln.com\/en\/kontakt-coach-koeln\/","title":{"rendered":"Kontakt"},"content":{"rendered":"\t\t<div data-elementor-type=\"wp-page\" data-elementor-id=\"1070\" class=\"elementor elementor-1070\">\n\t\t\t\t\t\t<section class=\"elementor-section elementor-top-section elementor-element elementor-element-6195df4 elementor-section-height-min-height elementor-section-boxed elementor-section-height-default elementor-section-items-middle\" data-id=\"6195df4\" data-element_type=\"section\" data-e-type=\"section\" data-settings=\"{&quot;background_background&quot;:&quot;classic&quot;}\">\n\t\t\t\t\t\t<div class=\"elementor-container elementor-column-gap-default\">\n\t\t\t\t\t<div class=\"elementor-column elementor-col-100 elementor-top-column elementor-element elementor-element-4b771b3\" data-id=\"4b771b3\" data-element_type=\"column\" data-e-type=\"column\">\n\t\t\t<div class=\"elementor-widget-wrap elementor-element-populated\">\n\t\t\t\t\t\t<div class=\"elementor-element elementor-element-ec62980 elementor-widget elementor-widget-heading\" data-id=\"ec62980\" data-element_type=\"widget\" data-e-type=\"widget\" data-widget_type=\"heading.default\">\n\t\t\t\t<div class=\"elementor-widget-container\">\n\t\t\t\t\t<h1 class=\"elementor-heading-title elementor-size-default\">Florian Nelle - Coach in K\u00f6ln - Kontakt<\/h1>\t\t\t\t<\/div>\n\t\t\t\t<\/div>\n\t\t\t\t\t<\/div>\n\t\t<\/div>\n\t\t\t\t\t<\/div>\n\t\t<\/section>\n\t\t\t\t<section class=\"elementor-section elementor-top-section elementor-element elementor-element-20e5d88 elementor-section-boxed elementor-section-height-default elementor-section-height-default\" data-id=\"20e5d88\" data-element_type=\"section\" data-e-type=\"section\">\n\t\t\t\t\t\t<div class=\"elementor-container elementor-column-gap-default\">\n\t\t\t\t\t<div class=\"elementor-column elementor-col-100 elementor-top-column elementor-element elementor-element-343ef1c\" data-id=\"343ef1c\" data-element_type=\"column\" data-e-type=\"column\">\n\t\t\t<div class=\"elementor-widget-wrap elementor-element-populated\">\n\t\t\t\t\t\t<div class=\"elementor-element elementor-element-57475b0 elementor-widget elementor-widget-heading\" data-id=\"57475b0\" data-element_type=\"widget\" data-e-type=\"widget\" data-widget_type=\"heading.default\">\n\t\t\t\t<div class=\"elementor-widget-container\">\n\t\t\t\t\t<h2 class=\"elementor-heading-title elementor-size-default\">Schreib uns<\/h2>\t\t\t\t<\/div>\n\t\t\t\t<\/div>\n\t\t\t\t<div class=\"elementor-element elementor-element-a4c7e74 elementor-widget elementor-widget-text-editor\" data-id=\"a4c7e74\" data-element_type=\"widget\" data-e-type=\"widget\" data-widget_type=\"text-editor.default\">\n\t\t\t\t<div class=\"elementor-widget-container\">\n\t\t\t\t\t\t\t\t\t<p>Sie finden mich in der Vogelsanger Str. 171a \/ 50823 K\u00f6ln<br \/>Tel: 0176 7588 9998<\/p>\t\t\t\t\t\t\t\t<\/div>\n\t\t\t\t<\/div>\n\t\t\t\t<div class=\"elementor-element elementor-element-01b5887 fluentform-widget-submit-button-custom elementor-widget elementor-widget-fluent-form-widget\" data-id=\"01b5887\" data-element_type=\"widget\" data-e-type=\"widget\" data-widget_type=\"fluent-form-widget.default\">\n\t\t\t\t<div class=\"elementor-widget-container\">\n\t\t\t\t\t\n            <div class=\"fluentform-widget-wrapper fluentform-widget-align-default\">\n\n            \n            <div class='fluentform ff-default fluentform_wrapper_1 ffs_default_wrap'><form data-form_id=\"1\" id=\"fluentform_1\" class=\"frm-fluent-form fluent_form_1 ff-el-form-top ff_form_instance_1_1 ff-form-loading ffs_default\" data-form_instance=\"ff_form_instance_1_1\" method=\"POST\" ><fieldset  style=\"border: none!important;margin: 0!important;padding: 0!important;background-color: transparent!important;box-shadow: none!important;outline: none!important; min-inline-size: 100%;\">\n                    <legend class=\"ff_screen_reader_title\" style=\"display: block; margin: 0!important;padding: 0!important;height: 0!important;text-indent: -999999px;width: 0!important;overflow:hidden;\">Kontakfformular Jobcoaching AVGS Coaching K\u00f6ln<\/legend><p style=\"display: none !important;\" class=\"akismet-fields-container\" data-prefix=\"ak_\"><label>&#916;<textarea name=\"ak_hp_textarea\" cols=\"45\" rows=\"8\" maxlength=\"100\"><\/textarea><\/label><input type=\"hidden\" id=\"ak_js_1\" name=\"ak_js\" value=\"110\"\/><script>document.getElementById( \"ak_js_1\" ).setAttribute( \"value\", ( new Date() ).getTime() );<\/script><\/p>        <div\n                style=\"display: none!important; position: absolute!important; transform: translateX(1000%)!important;\"\n                class=\"ff-el-group ff-hpsf-container\"\n        >\n            <div class=\"ff-el-input--label asterisk-right\">\n                <label for=\"ff_1_item_sf\" aria-label=\"Notify\">\n                    Notify                <\/label>\n            <\/div>\n            <div class=\"ff-el-input--content\">\n                <input type=\"text\"\n                       name=\"item_1__fluent_sf\"\n                       class=\"ff-el-form-control\"\n                       id=\"ff_1_item_sf\"\n                \/>\n            <\/div>\n        <\/div>\n                <input type=\"hidden\" id=\"__fluent_protection_token_1\" class=\"fluent-form-token-field\" name=\"__fluent_protection_token_1\">\n        <input type='hidden' name='__fluent_form_embded_post_id' value='1070' \/><input type=\"hidden\" id=\"_fluentform_1_fluentformnonce\" name=\"_fluentform_1_fluentformnonce\" value=\"024489e830\" \/><input type=\"hidden\" name=\"_wp_http_referer\" value=\"\/en\/wp-json\/wp\/v2\/pages\/1070\" \/><div data-type=\"name-element\" data-name=\"names\" class=\" ff-field_container ff-name-field-wrapper\" ><div class='ff-t-container'><div class='ff-t-cell '><div class='ff-el-group'><div class=\"ff-el-input--label ff-el-is-required asterisk-right\"><label for='ff_1_names_first_name_' id='label_ff_1_names_first_name_' >Vorname<\/label><\/div><div class='ff-el-input--content'><input type=\"text\" name=\"names[first_name]\" id=\"ff_1_names_first_name_\" class=\"ff-el-form-control\" aria-invalid=\"false\" aria-required=true><\/div><\/div><\/div><div class='ff-t-cell '><div class='ff-el-group'><div class=\"ff-el-input--label ff-el-is-required asterisk-right\"><label for='ff_1_names_last_name_' id='label_ff_1_names_last_name_' >Nachname<\/label><\/div><div class='ff-el-input--content'><input type=\"text\" name=\"names[last_name]\" id=\"ff_1_names_last_name_\" class=\"ff-el-form-control\" aria-invalid=\"false\" aria-required=true><\/div><\/div><\/div><\/div><\/div><div class='ff-el-group'><div class=\"ff-el-input--label ff-el-is-required asterisk-right\"><label for='ff_1_email' id='label_ff_1_email' aria-label=\"Email\">Email<\/label><\/div><div class='ff-el-input--content'><input type=\"email\" name=\"email\" id=\"ff_1_email\" class=\"ff-el-form-control\" placeholder=\"Email Address\" data-name=\"email\"  aria-invalid=\"false\" aria-required=true><\/div><\/div><div class='ff-el-group'><div class=\"ff-el-input--label ff-el-is-required asterisk-right\"><label for='ff_1_input_text' id='label_ff_1_input_text' aria-label=\"Telefon\">Telefon<\/label><\/div><div class='ff-el-input--content'><input type=\"text\" name=\"input_text\" class=\"ff-el-form-control\" data-name=\"input_text\" id=\"ff_1_input_text\"  aria-invalid=\"false\" aria-required=true><\/div><\/div><div class='ff-el-group'><div class='ff-el-input--content'><div class='ff-el-form-check ff-el-form-check-'><label class='ff-el-form-check-label' for='checkbox_41669e5b6ce3b3d0ad30fc5dc65856d3'><input  type=\"checkbox\" name=\"checkbox[]\" data-name=\"checkbox\" class=\"ff-el-form-check-input ff-el-form-check-checkbox\" value=\"Ich habe einen Gutschein (AVGS) von der Agentur f\u00fcr Arbeit\/Jobcenter\"  id='checkbox_41669e5b6ce3b3d0ad30fc5dc65856d3' aria-label='Ich habe einen Gutschein (AVGS) von der Agentur f\u00fcr Arbeit\/Jobcenter' aria-invalid='false' aria-required=false> <span>Ich habe einen Gutschein (AVGS) von der Agentur f\u00fcr Arbeit\/Jobcenter<\/span><\/label><\/div><div class='ff-el-form-check ff-el-form-check-'><label class='ff-el-form-check-label' for='checkbox_ef6fcbf1b3e0821d2a95ad0b9d8e4a6d'><input  type=\"checkbox\" name=\"checkbox[]\" data-name=\"checkbox\" class=\"ff-el-form-check-input ff-el-form-check-checkbox\" value=\"Ich habe einen AVGS in Aussicht\"  id='checkbox_ef6fcbf1b3e0821d2a95ad0b9d8e4a6d' aria-label='Ich habe einen AVGS in Aussicht' aria-invalid='false' aria-required=false> <span>Ich habe einen AVGS in Aussicht<\/span><\/label><\/div><div class='ff-el-form-check ff-el-form-check-'><label class='ff-el-form-check-label' for='checkbox_dca51f24c7c68359f70c992ee365c025'><input  type=\"checkbox\" name=\"checkbox[]\" data-name=\"checkbox\" class=\"ff-el-form-check-input ff-el-form-check-checkbox\" value=\"Ich bin Selbstzahler\"  id='checkbox_dca51f24c7c68359f70c992ee365c025' aria-label='Ich bin Selbstzahler' aria-invalid='false' aria-required=false> <span>Ich bin Selbstzahler<\/span><\/label><\/div><div class='ff-el-form-check ff-el-form-check-'><label class='ff-el-form-check-label' for='checkbox_b6adf06f8b56b93314ee94aed0082daf'><input  type=\"checkbox\" name=\"checkbox[]\" data-name=\"checkbox\" class=\"ff-el-form-check-input ff-el-form-check-checkbox\" value=\"Ich m\u00f6chte einen Termin f\u00fcr ein kurzes Vorgespr\u00e4ch vereinbaren\"  id='checkbox_b6adf06f8b56b93314ee94aed0082daf' aria-label='Ich m\u00f6chte einen Termin f\u00fcr ein kurzes Vorgespr\u00e4ch vereinbaren' aria-invalid='false' aria-required=false> <span>Ich m\u00f6chte einen Termin f\u00fcr ein kurzes Vorgespr\u00e4ch vereinbaren<\/span><\/label><\/div><div class='ff-el-form-check ff-el-form-check-'><label class='ff-el-form-check-label' for='checkbox_b04c2fe8b3a2b87abfaae61665c557b2'><input  type=\"checkbox\" name=\"checkbox[]\" data-name=\"checkbox\" class=\"ff-el-form-check-input ff-el-form-check-checkbox\" value=\"Es ist sehr dringend. Ich brauiche schnell Unterst\u00fctzung\"  id='checkbox_b04c2fe8b3a2b87abfaae61665c557b2' aria-label='Es ist sehr dringend. Ich brauiche schnell Unterst\u00fctzung' aria-invalid='false' aria-required=false> <span>Es ist sehr dringend. Ich brauiche schnell Unterst\u00fctzung<\/span><\/label><\/div><\/div><\/div><div class='ff-el-group'><div class=\"ff-el-input--label asterisk-right\"><label for='ff_1_subject' id='label_ff_1_subject' aria-label=\"Betreff\">Betreff<\/label><\/div><div class='ff-el-input--content'><input type=\"text\" name=\"subject\" class=\"ff-el-form-control\" data-name=\"subject\" id=\"ff_1_subject\"  aria-invalid=\"false\" aria-required=false><\/div><\/div><div class='ff-el-group'><div class=\"ff-el-input--label ff-el-is-required asterisk-right\"><label for='ff_1_message' id='label_ff_1_message' aria-label=\"Deine Nachricht\">Deine Nachricht<\/label><\/div><div class='ff-el-input--content'><textarea aria-required=\"true\" aria-labelledby=\"label_ff_1_message\" name=\"message\" id=\"ff_1_message\" class=\"ff-el-form-control\" rows=\"4\" cols=\"2\" data-name=\"message\" ><\/textarea><\/div><\/div><div class='ff-el-group ff-text-left ff_submit_btn_wrapper'><button type=\"submit\" class=\"ff-btn ff-btn-submit ff-btn-md ff_btn_style\"  aria-label=\"Submit Form\">Submit Form<\/button><\/div><\/fieldset><\/form><div id='fluentform_1_errors' class='ff-errors-in-stack ff_form_instance_1_1 ff-form-loading_errors ff_form_instance_1_1_errors'><\/div><\/div>            <script type=\"text\/javascript\">\n                window.fluent_form_ff_form_instance_1_1 = {\"id\":\"1\",\"ajaxUrl\":\"https:\\\/\\\/jobcoaching-koeln.com\\\/wp-admin\\\/admin-ajax.php\",\"settings\":{\"layout\":{\"labelPlacement\":\"top\",\"helpMessagePlacement\":\"with_label\",\"errorMessagePlacement\":\"inline\",\"cssClassName\":\"\",\"asteriskPlacement\":\"asterisk-right\"},\"restrictions\":{\"denyEmptySubmission\":{\"enabled\":false}}},\"form_instance\":\"ff_form_instance_1_1\",\"form_id_selector\":\"fluentform_1\",\"rules\":{\"names[first_name]\":{\"required\":{\"value\":true,\"message\":\"This field is required\",\"global\":false,\"global_message\":\"Dieses Feld ist erforderlich\"}},\"names[middle_name]\":{\"required\":{\"value\":false,\"message\":\"This field is required\",\"global\":false,\"global_message\":\"Dieses Feld ist erforderlich\"}},\"names[last_name]\":{\"required\":{\"value\":true,\"message\":\"This field is required\",\"global\":false,\"global_message\":\"Dieses Feld ist erforderlich\"}},\"email\":{\"required\":{\"value\":true,\"message\":\"This field is required\",\"global\":false,\"global_message\":\"Dieses Feld ist erforderlich\"},\"email\":{\"value\":true,\"message\":\"This field must contain a valid email\",\"global\":false,\"global_message\":\"Dieses Feld muss eine g\\u00fcltige E-Mail-Adresse enthalten\"}},\"input_text\":{\"required\":{\"value\":true,\"message\":\"Dieses Feld ist erforderlich\",\"global_message\":\"Dieses Feld ist erforderlich\",\"global\":true}},\"checkbox\":{\"required\":{\"value\":false,\"message\":\"Dieses Feld ist erforderlich\",\"global_message\":\"Dieses Feld ist erforderlich\",\"global\":true}},\"subject\":{\"required\":{\"value\":false,\"message\":\"This field is required\",\"global\":false,\"global_message\":\"Dieses Feld ist erforderlich\"}},\"message\":{\"required\":{\"value\":true,\"message\":\"This field is required\",\"global\":false,\"global_message\":\"Dieses Feld ist erforderlich\"}}},\"debounce_time\":300};\n                            <\/script>\n                        <\/div>\n\n            \t\t\t\t<\/div>\n\t\t\t\t<\/div>\n\t\t\t\t\t<\/div>\n\t\t<\/div>\n\t\t\t\t\t<\/div>\n\t\t<\/section>\n\t\t\t\t<\/div>\n\t\t","protected":false},"excerpt":{"rendered":"<p>Florian Nelle &#8211; Coach in K\u00f6ln &#8211; Kontakt Schreib uns Sie finden mich in der Vogelsanger Str. 171a \/ 50823 K\u00f6lnTel: 0176 7588 9998 Kontakfformular Jobcoaching AVGS Coaching K\u00f6ln &#916; Updates VornameNachnameEmailTelefon Ich habe einen Gutschein (AVGS) von der Agentur f\u00fcr Arbeit\/Jobcenter Ich habe einen AVGS in Aussicht Ich bin Selbstzahler Ich m\u00f6chte einen Termin&hellip;&nbsp;<a href=\"https:\/\/jobcoaching-koeln.com\/en\/kontakt-coach-koeln\/\" rel=\"bookmark\">Read More &raquo;<span class=\"screen-reader-text\">Kontakt<\/span><\/a><\/p>","protected":false},"author":1,"featured_media":0,"parent":0,"menu_order":0,"comment_status":"closed","ping_status":"closed","template":"page-templates\/template-pagebuilder-full-width.php","meta":{"neve_meta_sidebar":"","neve_meta_container":"","neve_meta_enable_content_width":"on","neve_meta_content_width":100,"neve_meta_title_alignment":"","neve_meta_author_avatar":"","neve_post_elements_order":"","neve_meta_disable_header":"","neve_meta_disable_footer":"","neve_meta_disable_title":"on","footnotes":""},"class_list":["post-1070","page","type-page","status-publish","hentry"],"yoast_head":"<!-- This site is optimized with the Yoast SEO plugin v27.4 - https:\/\/yoast.com\/product\/yoast-seo-wordpress\/ -->\n<title>Ihr Job- und Karrierecoach in K\u00f6ln<\/title>\n<meta name=\"description\" content=\"Dr. Florian Nelle - Systemischer Coach und Job &amp; Karrierecoach in K\u00f6ln. Stressmanagement, Resilienz - Bodymind Coaching f\u00fcr K\u00f6rper und Geist.\" \/>\n<meta name=\"robots\" content=\"index, follow, max-snippet:-1, max-image-preview:large, max-video-preview:-1\" \/>\n<link rel=\"canonical\" href=\"https:\/\/jobcoaching-koeln.com\/en\/kontakt-coach-koeln\/\" \/>\n<meta property=\"og:locale\" content=\"en_GB\" \/>\n<meta property=\"og:type\" content=\"article\" \/>\n<meta property=\"og:title\" content=\"Ihr Job- und Karrierecoach in K\u00f6ln\" \/>\n<meta property=\"og:description\" content=\"Dr. Florian Nelle - Systemischer Coach und Job &amp; Karrierecoach in K\u00f6ln. Stressmanagement, Resilienz - Bodymind Coaching f\u00fcr K\u00f6rper und Geist.\" \/>\n<meta property=\"og:url\" content=\"https:\/\/jobcoaching-koeln.com\/en\/kontakt-coach-koeln\/\" \/>\n<meta property=\"og:site_name\" content=\"Jobcoaching in K\u00f6ln\" \/>\n<meta property=\"article:modified_time\" content=\"2026-04-06T17:11:44+00:00\" \/>\n<meta name=\"twitter:card\" content=\"summary_large_image\" \/>\n<meta name=\"twitter:label1\" content=\"Estimated reading time\" \/>\n\t<meta name=\"twitter:data1\" content=\"1 minute\" \/>\n<script type=\"application\/ld+json\" class=\"yoast-schema-graph\">{\"@context\":\"https:\\\/\\\/schema.org\",\"@graph\":[{\"@type\":[\"WebPage\",\"AboutPage\"],\"@id\":\"https:\\\/\\\/jobcoaching-koeln.com\\\/kontakt-coach-koeln\\\/\",\"url\":\"https:\\\/\\\/jobcoaching-koeln.com\\\/kontakt-coach-koeln\\\/\",\"name\":\"Ihr Job- und Karrierecoach in K\u00f6ln\",\"isPartOf\":{\"@id\":\"https:\\\/\\\/jobcoaching-koeln.com\\\/#website\"},\"datePublished\":\"2024-01-12T11:37:12+00:00\",\"dateModified\":\"2026-04-06T17:11:44+00:00\",\"description\":\"Dr. Florian Nelle - Systemischer Coach und Job & Karrierecoach in K\u00f6ln. Stressmanagement, Resilienz - Bodymind Coaching f\u00fcr K\u00f6rper und Geist.\",\"breadcrumb\":{\"@id\":\"https:\\\/\\\/jobcoaching-koeln.com\\\/kontakt-coach-koeln\\\/#breadcrumb\"},\"inLanguage\":\"en-GB\",\"potentialAction\":[{\"@type\":\"ReadAction\",\"target\":[\"https:\\\/\\\/jobcoaching-koeln.com\\\/kontakt-coach-koeln\\\/\"]}]},{\"@type\":\"BreadcrumbList\",\"@id\":\"https:\\\/\\\/jobcoaching-koeln.com\\\/kontakt-coach-koeln\\\/#breadcrumb\",\"itemListElement\":[{\"@type\":\"ListItem\",\"position\":1,\"name\":\"Startseite\",\"item\":\"https:\\\/\\\/jobcoaching-koeln.com\\\/\"},{\"@type\":\"ListItem\",\"position\":2,\"name\":\"Kontakt\"}]},{\"@type\":\"WebSite\",\"@id\":\"https:\\\/\\\/jobcoaching-koeln.com\\\/#website\",\"url\":\"https:\\\/\\\/jobcoaching-koeln.com\\\/\",\"name\":\"Jobcoaching in K\u00f6ln\",\"description\":\"mit AVGS Gutschein\",\"publisher\":{\"@id\":\"https:\\\/\\\/jobcoaching-koeln.com\\\/#organization\"},\"potentialAction\":[{\"@type\":\"SearchAction\",\"target\":{\"@type\":\"EntryPoint\",\"urlTemplate\":\"https:\\\/\\\/jobcoaching-koeln.com\\\/?s={search_term_string}\"},\"query-input\":{\"@type\":\"PropertyValueSpecification\",\"valueRequired\":true,\"valueName\":\"search_term_string\"}}],\"inLanguage\":\"en-GB\"},{\"@type\":\"Organization\",\"@id\":\"https:\\\/\\\/jobcoaching-koeln.com\\\/#organization\",\"name\":\"Jobcoaching K\u00f6ln\",\"url\":\"https:\\\/\\\/jobcoaching-koeln.com\\\/\",\"logo\":{\"@type\":\"ImageObject\",\"inLanguage\":\"en-GB\",\"@id\":\"https:\\\/\\\/jobcoaching-koeln.com\\\/#\\\/schema\\\/logo\\\/image\\\/\",\"url\":\"\",\"contentUrl\":\"\",\"caption\":\"Jobcoaching K\u00f6ln\"},\"image\":{\"@id\":\"https:\\\/\\\/jobcoaching-koeln.com\\\/#\\\/schema\\\/logo\\\/image\\\/\"}}]}<\/script>\n<!-- \/ Yoast SEO plugin. -->","yoast_head_json":{"title":"Ihr Job- und Karrierecoach in K\u00f6ln","description":"Dr. Florian Nelle - Systemischer Coach und Job & Karrierecoach in K\u00f6ln. Stressmanagement, Resilienz - Bodymind Coaching f\u00fcr K\u00f6rper und Geist.","robots":{"index":"index","follow":"follow","max-snippet":"max-snippet:-1","max-image-preview":"max-image-preview:large","max-video-preview":"max-video-preview:-1"},"canonical":"https:\/\/jobcoaching-koeln.com\/en\/kontakt-coach-koeln\/","og_locale":"en_GB","og_type":"article","og_title":"Ihr Job- und Karrierecoach in K\u00f6ln","og_description":"Dr. Florian Nelle - Systemischer Coach und Job & Karrierecoach in K\u00f6ln. Stressmanagement, Resilienz - Bodymind Coaching f\u00fcr K\u00f6rper und Geist.","og_url":"https:\/\/jobcoaching-koeln.com\/en\/kontakt-coach-koeln\/","og_site_name":"Jobcoaching in K\u00f6ln","article_modified_time":"2026-04-06T17:11:44+00:00","twitter_card":"summary_large_image","twitter_misc":{"Estimated reading time":"1 minute"},"schema":{"@context":"https:\/\/schema.org","@graph":[{"@type":["WebPage","AboutPage"],"@id":"https:\/\/jobcoaching-koeln.com\/kontakt-coach-koeln\/","url":"https:\/\/jobcoaching-koeln.com\/kontakt-coach-koeln\/","name":"Ihr Job- und Karrierecoach in K\u00f6ln","isPartOf":{"@id":"https:\/\/jobcoaching-koeln.com\/#website"},"datePublished":"2024-01-12T11:37:12+00:00","dateModified":"2026-04-06T17:11:44+00:00","description":"Dr. Florian Nelle - Systemischer Coach und Job & Karrierecoach in K\u00f6ln. Stressmanagement, Resilienz - Bodymind Coaching f\u00fcr K\u00f6rper und Geist.","breadcrumb":{"@id":"https:\/\/jobcoaching-koeln.com\/kontakt-coach-koeln\/#breadcrumb"},"inLanguage":"en-GB","potentialAction":[{"@type":"ReadAction","target":["https:\/\/jobcoaching-koeln.com\/kontakt-coach-koeln\/"]}]},{"@type":"BreadcrumbList","@id":"https:\/\/jobcoaching-koeln.com\/kontakt-coach-koeln\/#breadcrumb","itemListElement":[{"@type":"ListItem","position":1,"name":"Startseite","item":"https:\/\/jobcoaching-koeln.com\/"},{"@type":"ListItem","position":2,"name":"Kontakt"}]},{"@type":"WebSite","@id":"https:\/\/jobcoaching-koeln.com\/#website","url":"https:\/\/jobcoaching-koeln.com\/","name":"Jobcoaching in Cologne","description":"with AVGS-Voucher","publisher":{"@id":"https:\/\/jobcoaching-koeln.com\/#organization"},"potentialAction":[{"@type":"SearchAction","target":{"@type":"EntryPoint","urlTemplate":"https:\/\/jobcoaching-koeln.com\/?s={search_term_string}"},"query-input":{"@type":"PropertyValueSpecification","valueRequired":true,"valueName":"search_term_string"}}],"inLanguage":"en-GB"},{"@type":"Organization","@id":"https:\/\/jobcoaching-koeln.com\/#organization","name":"Jobcoaching K\u00f6ln","url":"https:\/\/jobcoaching-koeln.com\/","logo":{"@type":"ImageObject","inLanguage":"en-GB","@id":"https:\/\/jobcoaching-koeln.com\/#\/schema\/logo\/image\/","url":"","contentUrl":"","caption":"Jobcoaching K\u00f6ln"},"image":{"@id":"https:\/\/jobcoaching-koeln.com\/#\/schema\/logo\/image\/"}}]}},"_links":{"self":[{"href":"https:\/\/jobcoaching-koeln.com\/en\/wp-json\/wp\/v2\/pages\/1070","targetHints":{"allow":["GET"]}}],"collection":[{"href":"https:\/\/jobcoaching-koeln.com\/en\/wp-json\/wp\/v2\/pages"}],"about":[{"href":"https:\/\/jobcoaching-koeln.com\/en\/wp-json\/wp\/v2\/types\/page"}],"author":[{"embeddable":true,"href":"https:\/\/jobcoaching-koeln.com\/en\/wp-json\/wp\/v2\/users\/1"}],"replies":[{"embeddable":true,"href":"https:\/\/jobcoaching-koeln.com\/en\/wp-json\/wp\/v2\/comments?post=1070"}],"version-history":[{"count":0,"href":"https:\/\/jobcoaching-koeln.com\/en\/wp-json\/wp\/v2\/pages\/1070\/revisions"}],"wp:attachment":[{"href":"https:\/\/jobcoaching-koeln.com\/en\/wp-json\/wp\/v2\/media?parent=1070"}],"curies":[{"name":"wp","href":"https:\/\/api.w.org\/{rel}","templated":true}]}}